{"id":20,"date":"2024-10-23T04:50:46","date_gmt":"2024-10-23T04:50:46","guid":{"rendered":"https:\/\/clientes.raulopez.com\/olmar\/?page_id=20"},"modified":"2025-04-01T07:43:14","modified_gmt":"2025-04-01T07:43:14","slug":"sistemas-de-control","status":"publish","type":"page","link":"https:\/\/www.olmar.com\/es\/sistemas-de-control\/","title":{"rendered":"Sistemas de control"},"content":{"rendered":"\t\t<div data-elementor-type=\"wp-page\" data-elementor-id=\"20\" class=\"elementor elementor-20\" data-elementor-post-type=\"page\">\n\t\t\t\t\t\t<section class=\"elementor-section elementor-top-section elementor-element elementor-element-7522775 elementor-section-full_width fullwidth elementor-section-height-default elementor-section-height-default\" data-id=\"7522775\" data-element_type=\"section\" data-e-type=\"section\" data-settings=\"{&quot;background_background&quot;:&quot;classic&quot;,&quot;jet_parallax_layout_list&quot;:[]}\">\n\t\t\t\t\t\t<div class=\"elementor-container elementor-column-gap-default\">\n\t\t\t\t\t<div class=\"elementor-column elementor-col-100 elementor-top-column elementor-element elementor-element-f5431d6\" data-id=\"f5431d6\" data-element_type=\"column\" data-e-type=\"column\">\n\t\t\t<div class=\"elementor-widget-wrap elementor-element-populated\">\n\t\t\t\t\t\t<section class=\"elementor-section elementor-inner-section elementor-element elementor-element-82f5b60 elementor-section-height-min-height elementor-section-boxed elementor-section-height-default\" data-id=\"82f5b60\" data-element_type=\"section\" data-e-type=\"section\" data-settings=\"{&quot;background_background&quot;:&quot;classic&quot;,&quot;jet_parallax_layout_list&quot;:[]}\">\n\t\t\t\t\t\t\t<div class=\"elementor-background-overlay\"><\/div>\n\t\t\t\t\t\t\t<div class=\"elementor-container elementor-column-gap-default\">\n\t\t\t\t\t<div class=\"elementor-column elementor-col-100 elementor-inner-column elementor-element elementor-element-caccd77\" data-id=\"caccd77\" data-element_type=\"column\" data-e-type=\"column\">\n\t\t\t<div class=\"elementor-widget-wrap elementor-element-populated\">\n\t\t\t\t\t\t<div class=\"elementor-element elementor-element-4502501 elementor-view-default elementor-widget elementor-widget-icon\" data-id=\"4502501\" data-element_type=\"widget\" data-e-type=\"widget\" data-widget_type=\"icon.default\">\n\t\t\t\t<div class=\"elementor-widget-container\">\n\t\t\t\t\t\t\t<div class=\"elementor-icon-wrapper\">\n\t\t\t<div class=\"elementor-icon\">\n\t\t\t<svg xmlns=\"http:\/\/www.w3.org\/2000\/svg\" width=\"50\" height=\"47\" viewBox=\"0 0 50 47\" fill=\"none\"><g clip-path=\"url(#clip0_420_3958)\"><path d=\"M-0.000100186 24.0241C-0.132065 11.1703 10.2638 0.631013 23.211 0.5C25.9383 0.5 28.6363 0.994937 31.1876 1.9557C29.9852 3.26582 29.0761 4.80886 28.5336 6.48291C26.8474 5.90063 25.0879 5.60949 23.299 5.59494C13.3577 5.81329 5.48377 13.9943 5.70371 23.8639C5.70371 23.893 5.70371 23.9222 5.70371 23.9513C5.83568 33.6025 13.8269 41.3032 23.5483 41.1722C33.2697 41.0411 41.0263 33.1076 40.8943 23.4563V22.9323C42.8445 22.8886 44.7506 22.3937 46.4662 21.4766C46.5542 22.2335 46.5981 23.0051 46.5981 23.762C46.3782 36.5285 35.7624 46.7184 22.9031 46.4854C10.4691 46.2816 0.395794 36.412 0.0145626 24.0823\" fill=\"white\"><\/path><path d=\"M31.0264 10.4862C30.9971 5.28933 35.2053 1.0387 40.4546 0.995024C45.6892 0.96591 49.9707 5.14376 50 10.3552C50.0293 15.552 45.8211 19.8026 40.5719 19.8463C35.3372 19.8754 31.0557 15.6976 31.0264 10.4862ZM33.3431 10.4862C33.4018 14.4165 36.6422 17.5608 40.6158 17.5026C44.5894 17.4444 47.7419 14.2273 47.6833 10.2969C47.6246 6.36654 44.3842 3.22224 40.4106 3.28047C36.437 3.3387 33.2845 6.55578 33.3431 10.4862Z\" fill=\"white\"><\/path><\/g><defs><clipPath id=\"clip0_420_3958\"><rect width=\"50\" height=\"46\" fill=\"white\" transform=\"translate(0 0.5)\"><\/rect><\/clipPath><\/defs><\/svg>\t\t\t<\/div>\n\t\t<\/div>\n\t\t\t\t\t\t<\/div>\n\t\t\t\t<\/div>\n\t\t\t\t<div class=\"elementor-element elementor-element-41a1bd9 elementor-widget elementor-widget-heading\" data-id=\"41a1bd9\" data-element_type=\"widget\" data-e-type=\"widget\" data-widget_type=\"heading.default\">\n\t\t\t\t<div class=\"elementor-widget-container\">\n\t\t\t\t\t<h1 class=\"elementor-heading-title elementor-size-default\">Sistemas de control<\/h1>\t\t\t\t<\/div>\n\t\t\t\t<\/div>\n\t\t\t\t<div class=\"elementor-element elementor-element-f8fd41f elementor-widget__width-auto breadcrumbs-wrapper elementor-absolute elementor-widget elementor-widget-global elementor-global-714 elementor-widget-breadcrumbs\" data-id=\"f8fd41f\" data-element_type=\"widget\" data-e-type=\"widget\" data-settings=\"{&quot;_position&quot;:&quot;absolute&quot;}\" data-widget_type=\"breadcrumbs.default\">\n\t\t\t\t<div class=\"elementor-widget-container\">\n\t\t\t\t\t<p id=\"breadcrumbs\"><span><span><a href=\"https:\/\/www.olmar.com\/es\/\">Home<\/a><\/span><\/span><\/p>\t\t\t\t<\/div>\n\t\t\t\t<\/div>\n\t\t\t\t\t<\/div>\n\t\t<\/div>\n\t\t\t\t\t<\/div>\n\t\t<\/section>\n\t\t\t\t\t<\/div>\n\t\t<\/div>\n\t\t\t\t\t<\/div>\n\t\t<\/section>\n\t\t<div class=\"elementor-element elementor-element-bfbc7fc e-flex e-con-boxed e-con e-parent\" data-id=\"bfbc7fc\" data-element_type=\"container\" data-e-type=\"container\" data-settings=\"{&quot;jet_parallax_layout_list&quot;:[]}\">\n\t\t\t\t\t<div class=\"e-con-inner\">\n\t\t<div class=\"elementor-element elementor-element-6433281 e-con-full e-flex e-con e-child\" data-id=\"6433281\" data-element_type=\"container\" data-e-type=\"container\" data-settings=\"{&quot;jet_parallax_layout_list&quot;:[]}\">\n\t\t<div class=\"elementor-element elementor-element-9f899cd e-con-full e-flex e-con e-child\" data-id=\"9f899cd\" data-element_type=\"container\" data-e-type=\"container\" data-settings=\"{&quot;background_background&quot;:&quot;classic&quot;,&quot;jet_parallax_layout_list&quot;:[]}\">\n\t\t\t\t<div class=\"elementor-element elementor-element-1c0badb elementor-align-justify btn-gradient btn-nogradient elementor-widget__width-initial elementor-widget elementor-widget-button\" data-id=\"1c0badb\" data-element_type=\"widget\" data-e-type=\"widget\" data-widget_type=\"button.default\">\n\t\t\t\t<div class=\"elementor-widget-container\">\n\t\t\t\t\t\t\t\t\t<div class=\"elementor-button-wrapper\">\n\t\t\t\t\t<a class=\"elementor-button elementor-button-link elementor-size-sm\" href=\"https:\/\/www.olmar.com\/es\/presupuesto\/\">\n\t\t\t\t\t\t<span class=\"elementor-button-content-wrapper\">\n\t\t\t\t\t\t<span class=\"elementor-button-icon\">\n\t\t\t\t<svg xmlns=\"http:\/\/www.w3.org\/2000\/svg\" width=\"6\" height=\"10\" viewBox=\"0 0 6 10\" fill=\"none\"><path d=\"M2.86957 5.2699C2.86957 5.58175 2.77361 5.85461 2.58171 6.08849C2.42579 6.2744 2.21889 6.42133 1.96102 6.52927C1.76312 6.61923 1.57421 6.6732 1.3943 6.69119L2.91454 8.29239C2.93253 8.10049 2.98651 7.89959 3.07646 7.68969C3.1964 7.41383 3.35532 7.19194 3.55322 7.02402C3.7991 6.81413 4.09295 6.70319 4.43478 6.69119C4.46477 5.61173 4.47676 4.79914 4.47076 4.25341C4.46477 3.85161 4.45277 3.65671 4.43478 3.6687C4.07496 3.69269 3.76912 3.59374 3.51724 3.37185C3.31334 3.19794 3.15142 2.95806 3.03148 2.65221C2.94153 2.42432 2.88756 2.19944 2.86957 1.97755L1.3943 3.75866C1.57421 3.78864 1.76312 3.85461 1.96102 3.95656C2.21889 4.0825 2.42579 4.24142 2.58171 4.43332C2.77361 4.6792 2.86957 4.95806 2.86957 5.2699ZM1.43928 0.727173C1.18141 0.727173 0.941529 0.794639 0.71964 0.929572C0.497751 1.0645 0.322339 1.24741 0.193403 1.4783C0.0644678 1.70918 0 1.96256 0 2.23842C0 2.51428 0.0644678 2.76765 0.193403 2.99854C0.322339 3.22942 0.497751 3.41383 0.71964 3.55176C0.941529 3.68969 1.18141 3.75866 1.43928 3.75866C1.69715 3.75866 1.93553 3.68969 2.15442 3.55176C2.37331 3.41383 2.54723 3.22942 2.67616 2.99854C2.8051 2.76765 2.86957 2.51428 2.86957 2.23842C2.86957 1.96256 2.8051 1.70918 2.67616 1.4783C2.54723 1.24741 2.37331 1.0645 2.15442 0.929572C1.93553 0.794639 1.69715 0.727173 1.43928 0.727173ZM4.56072 3.6687C4.30285 3.6687 4.06297 3.73617 3.84108 3.8711C3.61919 4.00603 3.44378 4.18894 3.31484 4.41983C3.18591 4.65071 3.12144 4.90408 3.12144 5.17995C3.12144 5.45581 3.18591 5.70918 3.31484 5.94007C3.44378 6.17095 3.61919 6.35386 3.84108 6.48879C4.06297 6.62372 4.30285 6.69119 4.56072 6.69119C4.81859 6.69119 5.05847 6.62372 5.28036 6.48879C5.50225 6.35386 5.67766 6.17095 5.8066 5.94007C5.93553 5.70918 6 5.45581 6 5.17995C6 4.90408 5.93553 4.65071 5.8066 4.41983C5.67766 4.18894 5.50225 4.00603 5.28036 3.8711C5.05847 3.73617 4.81859 3.6687 4.56072 3.6687ZM1.52024 6.69119C1.26237 6.69119 1.02249 6.76016 0.8006 6.89809C0.578711 7.03602 0.403298 7.22043 0.274363 7.45131C0.145427 7.6822 0.0809595 7.93557 0.0809595 8.21143C0.0809595 8.48729 0.145427 8.74067 0.274363 8.97155C0.403298 9.20244 0.578711 9.38534 0.8006 9.52028C1.02249 9.65521 1.26237 9.72268 1.52024 9.72268C1.77811 9.72268 2.01799 9.65521 2.23988 9.52028C2.46177 9.38534 2.63718 9.20244 2.76612 8.97155C2.89505 8.74067 2.95952 8.48729 2.95952 8.21143C2.95952 7.93557 2.89505 7.6822 2.76612 7.45131C2.63718 7.22043 2.46177 7.03602 2.23988 6.89809C2.01799 6.76016 1.77811 6.69119 1.52024 6.69119Z\" fill=\"white\"><\/path><\/svg>\t\t\t<\/span>\n\t\t\t\t\t\t\t\t\t<span class=\"elementor-button-text\">Solicita presupuesto<\/span>\n\t\t\t\t\t<\/span>\n\t\t\t\t\t<\/a>\n\t\t\t\t<\/div>\n\t\t\t\t\t\t\t\t<\/div>\n\t\t\t\t<\/div>\n\t\t\t\t<div class=\"elementor-element elementor-element-372f656 elementor-align-justify btn-gradient elementor-widget__width-initial elementor-widget elementor-widget-button\" data-id=\"372f656\" data-element_type=\"widget\" data-e-type=\"widget\" data-widget_type=\"button.default\">\n\t\t\t\t<div class=\"elementor-widget-container\">\n\t\t\t\t\t\t\t\t\t<div class=\"elementor-button-wrapper\">\n\t\t\t\t\t<a class=\"elementor-button elementor-button-link elementor-size-sm\" href=\"https:\/\/www.olmar.com\/es\/contacto\/\">\n\t\t\t\t\t\t<span class=\"elementor-button-content-wrapper\">\n\t\t\t\t\t\t<span class=\"elementor-button-icon\">\n\t\t\t\t<svg xmlns=\"http:\/\/www.w3.org\/2000\/svg\" width=\"7\" height=\"10\" viewBox=\"0 0 7 10\" fill=\"none\"><path d=\"M3.36468 5.52027C3.36468 5.83211 3.26873 6.10498 3.07683 6.33886C2.9209 6.52477 2.71401 6.67169 2.45614 6.77964C2.25824 6.86959 2.06933 6.92357 1.88942 6.94156L3.40966 8.54276C3.42765 8.35085 3.48162 8.14995 3.57158 7.94006C3.69152 7.6642 3.85044 7.44231 4.04834 7.27439C4.29422 7.0645 4.58807 6.95355 4.9299 6.94156C4.95988 5.8621 4.97188 5.0495 4.96588 4.50378C4.95988 4.10198 4.94789 3.90707 4.9299 3.91907C4.57008 3.94306 4.26423 3.84411 4.01236 3.62222C3.80846 3.4483 3.64654 3.20842 3.5266 2.90258C3.43665 2.67469 3.38267 2.4498 3.36468 2.22791L1.88942 4.00902C2.06933 4.03901 2.25824 4.10498 2.45614 4.20692C2.71401 4.33286 2.9209 4.49178 3.07683 4.68369C3.26873 4.92956 3.36468 5.20842 3.36468 5.52027ZM1.9344 0.977539C1.67653 0.977539 1.43665 1.04501 1.21476 1.17994C0.992868 1.31487 0.817456 1.49778 0.68852 1.72866C0.559585 1.95955 0.495117 2.21292 0.495117 2.48878C0.495117 2.76465 0.559585 3.01802 0.68852 3.2489C0.817456 3.47979 0.992868 3.6642 1.21476 3.80213C1.43665 3.94006 1.67653 4.00902 1.9344 4.00902C2.19227 4.00902 2.43065 3.94006 2.64954 3.80213C2.86843 3.6642 3.04234 3.47979 3.17128 3.2489C3.30021 3.01802 3.36468 2.76465 3.36468 2.48878C3.36468 2.21292 3.30021 1.95955 3.17128 1.72866C3.04234 1.49778 2.86843 1.31487 2.64954 1.17994C2.43065 1.04501 2.19227 0.977539 1.9344 0.977539ZM5.05584 3.91907C4.79797 3.91907 4.55809 3.98653 4.3362 4.12147C4.11431 4.2564 3.9389 4.43931 3.80996 4.67019C3.68102 4.90108 3.61656 5.15445 3.61656 5.43031C3.61656 5.70617 3.68102 5.95955 3.80996 6.19043C3.9389 6.42132 4.11431 6.60423 4.3362 6.73916C4.55809 6.87409 4.79797 6.94156 5.05584 6.94156C5.31371 6.94156 5.55359 6.87409 5.77548 6.73916C5.99737 6.60423 6.17278 6.42132 6.30171 6.19043C6.43065 5.95955 6.49512 5.70617 6.49512 5.43031C6.49512 5.15445 6.43065 4.90108 6.30171 4.67019C6.17278 4.43931 5.99737 4.2564 5.77548 4.12147C5.55359 3.98653 5.31371 3.91907 5.05584 3.91907ZM2.01536 6.94156C1.75749 6.94156 1.51761 7.01052 1.29572 7.14845C1.07383 7.28638 0.898416 7.47079 0.76948 7.70168C0.640544 7.93256 0.576077 8.18594 0.576077 8.4618C0.576077 8.73766 0.640544 8.99103 0.76948 9.22192C0.898416 9.4528 1.07383 9.63571 1.29572 9.77064C1.51761 9.90557 1.75749 9.97304 2.01536 9.97304C2.27323 9.97304 2.51311 9.90557 2.735 9.77064C2.95689 9.63571 3.1323 9.4528 3.26123 9.22192C3.39017 8.99103 3.45464 8.73766 3.45464 8.4618C3.45464 8.18594 3.39017 7.93256 3.26123 7.70168C3.1323 7.47079 2.95689 7.28638 2.735 7.14845C2.51311 7.01052 2.27323 6.94156 2.01536 6.94156Z\" fill=\"#1F1F1F\"><\/path><\/svg>\t\t\t<\/span>\n\t\t\t\t\t\t\t\t\t<span class=\"elementor-button-text\">Contacta con Olmar<\/span>\n\t\t\t\t\t<\/span>\n\t\t\t\t\t<\/a>\n\t\t\t\t<\/div>\n\t\t\t\t\t\t\t\t<\/div>\n\t\t\t\t<\/div>\n\t\t\t\t<\/div>\n\t\t\t\t<\/div>\n\t\t<div class=\"elementor-element elementor-element-a99ad50 e-con-full e-flex e-con e-child\" data-id=\"a99ad50\" data-element_type=\"container\" data-e-type=\"container\" data-settings=\"{&quot;jet_parallax_layout_list&quot;:[]}\">\n\t\t<div class=\"elementor-element elementor-element-160abf1 e-con-full e-flex e-con e-child\" data-id=\"160abf1\" data-element_type=\"container\" data-e-type=\"container\" data-settings=\"{&quot;jet_parallax_layout_list&quot;:[]}\">\n\t\t\t\t<div class=\"elementor-element elementor-element-b77b9c1 elementor-widget elementor-widget-heading\" data-id=\"b77b9c1\" data-element_type=\"widget\" data-e-type=\"widget\" data-widget_type=\"heading.default\">\n\t\t\t\t<div class=\"elementor-widget-container\">\n\t\t\t\t\t<p class=\"elementor-heading-title elementor-size-default\">\/ Sistemas de control \/<\/p>\t\t\t\t<\/div>\n\t\t\t\t<\/div>\n\t\t\t\t<div class=\"elementor-element elementor-element-f1928ca elementor-widget elementor-widget-heading\" data-id=\"f1928ca\" data-element_type=\"widget\" data-e-type=\"widget\" data-widget_type=\"heading.default\">\n\t\t\t\t<div class=\"elementor-widget-container\">\n\t\t\t\t\t<h2 class=\"elementor-heading-title elementor-size-default\">La m\u00e1s avanzada tecnolog\u00eda<\/h2>\t\t\t\t<\/div>\n\t\t\t\t<\/div>\n\t\t\t\t<div class=\"elementor-element elementor-element-131f8aa elementor-widget elementor-widget-text-editor\" data-id=\"131f8aa\" data-element_type=\"widget\" data-e-type=\"widget\" data-widget_type=\"text-editor.default\">\n\t\t\t\t<div class=\"elementor-widget-container\">\n\t\t\t\t\t\t\t\t\t<p>La caldera de vapor OLMAR OL y OLMAR OLC son equipos pirotubulares de tres pases de gases y dise\u00f1o propio. La actual normativa comunitaria con la directiva 97\/23\/CE de equipos a presi\u00f3n es la pauta a seguir por nuestro departamento t\u00e9cnico, que junto a nuestra certificaci\u00f3n ISO 9001:2000 hace que nuestros equipos est\u00e9n a la vanguardia tanto a nivel tecnol\u00f3gico como de calidad.<\/p><p>Cada uno de los modelos del cat\u00e1logo de OLMAR ha sido dise\u00f1ado y estudiado de acuerdo con sus caracter\u00edsticas de producci\u00f3n y presi\u00f3n para dar respuesta a las distintas demandas de miles de clientes en todo el mundo, que conf\u00edan en nuestros equipos para dar respuesta a sus necesidades industriales.<\/p><p>Todas las unidades fabricadas por OLMAR pasan por estrictos controles de calidad durante el proceso de fabricaci\u00f3n tanto a nivel interno como externo, garantizando as\u00ed el m\u00e1ximo nivel exigible en t\u00e9rminos de calidad y seguridad. Esta excelencia t\u00e9cnica unida a la confianza de nuestros clientes hace de las calderas OLMAR un referente mundial desde hace m\u00e1s de 70 a\u00f1os.<\/p>\t\t\t\t\t\t\t\t<\/div>\n\t\t\t\t<\/div>\n\t\t<div class=\"elementor-element elementor-element-a8c6322 e-con-full e-flex e-con e-child\" data-id=\"a8c6322\" data-element_type=\"container\" data-e-type=\"container\" data-settings=\"{&quot;jet_parallax_layout_list&quot;:[]}\">\n\t\t\t\t<div class=\"elementor-element elementor-element-c436c14 elementor-widget__width-initial elementor-widget elementor-widget-image\" data-id=\"c436c14\" data-element_type=\"widget\" data-e-type=\"widget\" data-widget_type=\"image.default\">\n\t\t\t\t<div class=\"elementor-widget-container\">\n\t\t\t\t\t\t\t\t\t\t\t\t\t\t\t<img fetchpriority=\"high\" decoding=\"async\" width=\"624\" height=\"500\" src=\"https:\/\/www.olmar.com\/wp-content\/uploads\/2025\/01\/img-sistemas1.jpg\" class=\"attachment-full size-full wp-image-299860\" alt=\"\" srcset=\"https:\/\/www.olmar.com\/wp-content\/uploads\/2025\/01\/img-sistemas1.jpg 624w, https:\/\/www.olmar.com\/wp-content\/uploads\/2025\/01\/img-sistemas1-300x240.jpg 300w\" sizes=\"(max-width: 624px) 100vw, 624px\" \/>\t\t\t\t\t\t\t\t\t\t\t\t\t\t\t<\/div>\n\t\t\t\t<\/div>\n\t\t\t\t<div class=\"elementor-element elementor-element-779c8c3 elementor-widget__width-initial elementor-widget elementor-widget-image\" data-id=\"779c8c3\" data-element_type=\"widget\" data-e-type=\"widget\" data-widget_type=\"image.default\">\n\t\t\t\t<div class=\"elementor-widget-container\">\n\t\t\t\t\t\t\t\t\t\t\t\t\t\t\t<img decoding=\"async\" width=\"342\" height=\"500\" src=\"https:\/\/www.olmar.com\/wp-content\/uploads\/2025\/01\/img-sistemas2.jpg\" class=\"attachment-full size-full wp-image-299864\" alt=\"\" srcset=\"https:\/\/www.olmar.com\/wp-content\/uploads\/2025\/01\/img-sistemas2.jpg 342w, https:\/\/www.olmar.com\/wp-content\/uploads\/2025\/01\/img-sistemas2-205x300.jpg 205w\" sizes=\"(max-width: 342px) 100vw, 342px\" \/>\t\t\t\t\t\t\t\t\t\t\t\t\t\t\t<\/div>\n\t\t\t\t<\/div>\n\t\t\t\t<\/div>\n\t\t<div class=\"elementor-element elementor-element-bc52356 e-con-full e-flex e-con e-child\" data-id=\"bc52356\" data-element_type=\"container\" data-e-type=\"container\" data-settings=\"{&quot;jet_parallax_layout_list&quot;:[]}\">\n\t\t\t\t<div class=\"elementor-element elementor-element-ef60b1c elementor-widget__width-initial elementor-widget-mobile__width-initial elementor-widget elementor-widget-image\" data-id=\"ef60b1c\" data-element_type=\"widget\" data-e-type=\"widget\" data-widget_type=\"image.default\">\n\t\t\t\t<div class=\"elementor-widget-container\">\n\t\t\t\t\t\t\t\t\t\t\t\t\t\t\t<img decoding=\"async\" width=\"342\" height=\"500\" src=\"https:\/\/www.olmar.com\/wp-content\/uploads\/2025\/01\/img-sistemas3.jpg\" class=\"attachment-full size-full wp-image-299868\" alt=\"\" srcset=\"https:\/\/www.olmar.com\/wp-content\/uploads\/2025\/01\/img-sistemas3.jpg 342w, https:\/\/www.olmar.com\/wp-content\/uploads\/2025\/01\/img-sistemas3-205x300.jpg 205w\" sizes=\"(max-width: 342px) 100vw, 342px\" \/>\t\t\t\t\t\t\t\t\t\t\t\t\t\t\t<\/div>\n\t\t\t\t<\/div>\n\t\t\t\t<div class=\"elementor-element elementor-element-73c5f44 elementor-widget__width-initial elementor-widget elementor-widget-image\" data-id=\"73c5f44\" data-element_type=\"widget\" data-e-type=\"widget\" data-widget_type=\"image.default\">\n\t\t\t\t<div class=\"elementor-widget-container\">\n\t\t\t\t\t\t\t\t\t\t\t\t\t\t\t<img loading=\"lazy\" decoding=\"async\" width=\"624\" height=\"500\" src=\"https:\/\/www.olmar.com\/wp-content\/uploads\/2025\/01\/img-sistemas4.jpg\" class=\"attachment-full size-full wp-image-299872\" alt=\"\" srcset=\"https:\/\/www.olmar.com\/wp-content\/uploads\/2025\/01\/img-sistemas4.jpg 624w, https:\/\/www.olmar.com\/wp-content\/uploads\/2025\/01\/img-sistemas4-300x240.jpg 300w\" sizes=\"(max-width: 624px) 100vw, 624px\" \/>\t\t\t\t\t\t\t\t\t\t\t\t\t\t\t<\/div>\n\t\t\t\t<\/div>\n\t\t\t\t<\/div>\n\t\t\t\t<\/div>\n\t\t\t\t<\/div>\n\t\t\t\t\t<\/div>\n\t\t\t\t<\/div>\n\t\t\t\t<\/div>\n\t\t","protected":false},"excerpt":{"rendered":"<p>Sistemas de control Solicita presupuesto Contacta con Olmar \/ Sistemas de control \/ La m\u00e1s avanzada tecnolog\u00eda La caldera de vapor OLMAR OL y OLMAR OLC son equipos pirotubulares de tres pases de gases y dise\u00f1o propio. La actual normativa comunitaria con la directiva 97\/23\/CE de equipos a presi\u00f3n es la pauta a seguir por [&hellip;]<\/p>\n","protected":false},"author":12,"featured_media":0,"parent":0,"menu_order":0,"comment_status":"closed","ping_status":"closed","template":"","meta":{"footnotes":""},"class_list":["post-20","page","type-page","status-publish","hentry"],"yoast_head":"<!-- This site is optimized with the Yoast SEO plugin v27.2 - https:\/\/yoast.com\/product\/yoast-seo-wordpress\/ -->\n<title>Sistemas de control - Olmar<\/title>\n<meta name=\"robots\" content=\"index, follow, max-snippet:-1, max-image-preview:large, max-video-preview:-1\" \/>\n<link rel=\"canonical\" href=\"https:\/\/www.olmar.com\/es\/sistemas-de-control\/\" \/>\n<meta property=\"og:locale\" content=\"es_ES\" \/>\n<meta property=\"og:type\" content=\"article\" \/>\n<meta property=\"og:title\" content=\"Sistemas de control - Olmar\" \/>\n<meta property=\"og:description\" content=\"Sistemas de control Solicita presupuesto Contacta con Olmar \/ Sistemas de control \/ La m\u00e1s avanzada tecnolog\u00eda La caldera de vapor OLMAR OL y OLMAR OLC son equipos pirotubulares de tres pases de gases y dise\u00f1o propio. La actual normativa comunitaria con la directiva 97\/23\/CE de equipos a presi\u00f3n es la pauta a seguir por [&hellip;]\" \/>\n<meta property=\"og:url\" content=\"https:\/\/www.olmar.com\/es\/sistemas-de-control\/\" \/>\n<meta property=\"og:site_name\" content=\"Olmar\" \/>\n<meta property=\"article:modified_time\" content=\"2025-04-01T07:43:14+00:00\" \/>\n<meta property=\"og:image\" content=\"https:\/\/www.olmar.com\/wp-content\/uploads\/2025\/01\/img-sistemas1.jpg\" \/>\n\t<meta property=\"og:image:width\" content=\"624\" \/>\n\t<meta property=\"og:image:height\" content=\"500\" \/>\n\t<meta property=\"og:image:type\" content=\"image\/jpeg\" \/>\n<meta name=\"twitter:card\" content=\"summary_large_image\" \/>\n<meta name=\"twitter:label1\" content=\"Tiempo de lectura\" \/>\n\t<meta name=\"twitter:data1\" content=\"2 minutos\" \/>\n<script type=\"application\/ld+json\" class=\"yoast-schema-graph\">{\"@context\":\"https:\/\/schema.org\",\"@graph\":[{\"@type\":\"WebPage\",\"@id\":\"https:\/\/www.olmar.com\/es\/sistemas-de-control\/\",\"url\":\"https:\/\/www.olmar.com\/es\/sistemas-de-control\/\",\"name\":\"Sistemas de control - Olmar\",\"isPartOf\":{\"@id\":\"https:\/\/www.olmar.com\/es\/#website\"},\"primaryImageOfPage\":{\"@id\":\"https:\/\/www.olmar.com\/es\/sistemas-de-control\/#primaryimage\"},\"image\":{\"@id\":\"https:\/\/www.olmar.com\/es\/sistemas-de-control\/#primaryimage\"},\"thumbnailUrl\":\"https:\/\/www.olmar.com\/wp-content\/uploads\/2025\/01\/img-sistemas1.jpg\",\"datePublished\":\"2024-10-23T04:50:46+00:00\",\"dateModified\":\"2025-04-01T07:43:14+00:00\",\"breadcrumb\":{\"@id\":\"https:\/\/www.olmar.com\/es\/sistemas-de-control\/#breadcrumb\"},\"inLanguage\":\"es\",\"potentialAction\":[{\"@type\":\"ReadAction\",\"target\":[\"https:\/\/www.olmar.com\/es\/sistemas-de-control\/\"]}]},{\"@type\":\"ImageObject\",\"inLanguage\":\"es\",\"@id\":\"https:\/\/www.olmar.com\/es\/sistemas-de-control\/#primaryimage\",\"url\":\"https:\/\/www.olmar.com\/wp-content\/uploads\/2025\/01\/img-sistemas1.jpg\",\"contentUrl\":\"https:\/\/www.olmar.com\/wp-content\/uploads\/2025\/01\/img-sistemas1.jpg\"},{\"@type\":\"BreadcrumbList\",\"@id\":\"https:\/\/www.olmar.com\/es\/sistemas-de-control\/#breadcrumb\",\"itemListElement\":[{\"@type\":\"ListItem\",\"position\":1,\"name\":\"Home\",\"item\":\"https:\/\/www.olmar.com\/es\/\"},{\"@type\":\"ListItem\",\"position\":2,\"name\":\"Sistemas de control\"}]},{\"@type\":\"WebSite\",\"@id\":\"https:\/\/www.olmar.com\/es\/#website\",\"url\":\"https:\/\/www.olmar.com\/es\/\",\"name\":\"Olmar\",\"description\":\"Just another WordPress site\",\"potentialAction\":[{\"@type\":\"SearchAction\",\"target\":{\"@type\":\"EntryPoint\",\"urlTemplate\":\"https:\/\/www.olmar.com\/es\/?s={search_term_string}\"},\"query-input\":{\"@type\":\"PropertyValueSpecification\",\"valueRequired\":true,\"valueName\":\"search_term_string\"}}],\"inLanguage\":\"es\"}]}<\/script>\n<!-- \/ Yoast SEO plugin. -->","yoast_head_json":{"title":"Sistemas de control - Olmar","robots":{"index":"index","follow":"follow","max-snippet":"max-snippet:-1","max-image-preview":"max-image-preview:large","max-video-preview":"max-video-preview:-1"},"canonical":"https:\/\/www.olmar.com\/es\/sistemas-de-control\/","og_locale":"es_ES","og_type":"article","og_title":"Sistemas de control - Olmar","og_description":"Sistemas de control Solicita presupuesto Contacta con Olmar \/ Sistemas de control \/ La m\u00e1s avanzada tecnolog\u00eda La caldera de vapor OLMAR OL y OLMAR OLC son equipos pirotubulares de tres pases de gases y dise\u00f1o propio. La actual normativa comunitaria con la directiva 97\/23\/CE de equipos a presi\u00f3n es la pauta a seguir por [&hellip;]","og_url":"https:\/\/www.olmar.com\/es\/sistemas-de-control\/","og_site_name":"Olmar","article_modified_time":"2025-04-01T07:43:14+00:00","og_image":[{"width":624,"height":500,"url":"https:\/\/www.olmar.com\/wp-content\/uploads\/2025\/01\/img-sistemas1.jpg","type":"image\/jpeg"}],"twitter_card":"summary_large_image","twitter_misc":{"Tiempo de lectura":"2 minutos"},"schema":{"@context":"https:\/\/schema.org","@graph":[{"@type":"WebPage","@id":"https:\/\/www.olmar.com\/es\/sistemas-de-control\/","url":"https:\/\/www.olmar.com\/es\/sistemas-de-control\/","name":"Sistemas de control - Olmar","isPartOf":{"@id":"https:\/\/www.olmar.com\/es\/#website"},"primaryImageOfPage":{"@id":"https:\/\/www.olmar.com\/es\/sistemas-de-control\/#primaryimage"},"image":{"@id":"https:\/\/www.olmar.com\/es\/sistemas-de-control\/#primaryimage"},"thumbnailUrl":"https:\/\/www.olmar.com\/wp-content\/uploads\/2025\/01\/img-sistemas1.jpg","datePublished":"2024-10-23T04:50:46+00:00","dateModified":"2025-04-01T07:43:14+00:00","breadcrumb":{"@id":"https:\/\/www.olmar.com\/es\/sistemas-de-control\/#breadcrumb"},"inLanguage":"es","potentialAction":[{"@type":"ReadAction","target":["https:\/\/www.olmar.com\/es\/sistemas-de-control\/"]}]},{"@type":"ImageObject","inLanguage":"es","@id":"https:\/\/www.olmar.com\/es\/sistemas-de-control\/#primaryimage","url":"https:\/\/www.olmar.com\/wp-content\/uploads\/2025\/01\/img-sistemas1.jpg","contentUrl":"https:\/\/www.olmar.com\/wp-content\/uploads\/2025\/01\/img-sistemas1.jpg"},{"@type":"BreadcrumbList","@id":"https:\/\/www.olmar.com\/es\/sistemas-de-control\/#breadcrumb","itemListElement":[{"@type":"ListItem","position":1,"name":"Home","item":"https:\/\/www.olmar.com\/es\/"},{"@type":"ListItem","position":2,"name":"Sistemas de control"}]},{"@type":"WebSite","@id":"https:\/\/www.olmar.com\/es\/#website","url":"https:\/\/www.olmar.com\/es\/","name":"Olmar","description":"Just another WordPress site","potentialAction":[{"@type":"SearchAction","target":{"@type":"EntryPoint","urlTemplate":"https:\/\/www.olmar.com\/es\/?s={search_term_string}"},"query-input":{"@type":"PropertyValueSpecification","valueRequired":true,"valueName":"search_term_string"}}],"inLanguage":"es"}]}},"_links":{"self":[{"href":"https:\/\/www.olmar.com\/es\/wp-json\/wp\/v2\/pages\/20","targetHints":{"allow":["GET"]}}],"collection":[{"href":"https:\/\/www.olmar.com\/es\/wp-json\/wp\/v2\/pages"}],"about":[{"href":"https:\/\/www.olmar.com\/es\/wp-json\/wp\/v2\/types\/page"}],"author":[{"embeddable":true,"href":"https:\/\/www.olmar.com\/es\/wp-json\/wp\/v2\/users\/12"}],"replies":[{"embeddable":true,"href":"https:\/\/www.olmar.com\/es\/wp-json\/wp\/v2\/comments?post=20"}],"version-history":[{"count":6,"href":"https:\/\/www.olmar.com\/es\/wp-json\/wp\/v2\/pages\/20\/revisions"}],"predecessor-version":[{"id":303219,"href":"https:\/\/www.olmar.com\/es\/wp-json\/wp\/v2\/pages\/20\/revisions\/303219"}],"wp:attachment":[{"href":"https:\/\/www.olmar.com\/es\/wp-json\/wp\/v2\/media?parent=20"}],"curies":[{"name":"wp","href":"https:\/\/api.w.org\/{rel}","templated":true}]}}