{"id":12,"date":"2024-10-23T04:47:43","date_gmt":"2024-10-23T04:47:43","guid":{"rendered":"https:\/\/clientes.raulopez.com\/olmar\/?page_id=12"},"modified":"2025-03-31T15:27:03","modified_gmt":"2025-03-31T15:27:03","slug":"empresa","status":"publish","type":"page","link":"https:\/\/www.olmar.com\/es\/empresa\/","title":{"rendered":"La empresa"},"content":{"rendered":"\t\t<div data-elementor-type=\"wp-page\" data-elementor-id=\"12\" class=\"elementor elementor-12\" data-elementor-post-type=\"page\">\n\t\t\t\t\t\t<section class=\"elementor-section elementor-top-section elementor-element elementor-element-346a1df elementor-section-full_width fullwidth elementor-section-height-default elementor-section-height-default\" data-id=\"346a1df\" data-element_type=\"section\" data-e-type=\"section\" data-settings=\"{&quot;background_background&quot;:&quot;classic&quot;,&quot;jet_parallax_layout_list&quot;:[]}\">\n\t\t\t\t\t\t<div class=\"elementor-container elementor-column-gap-default\">\n\t\t\t\t\t<div class=\"elementor-column elementor-col-100 elementor-top-column elementor-element elementor-element-daa70b5\" data-id=\"daa70b5\" data-element_type=\"column\" data-e-type=\"column\">\n\t\t\t<div class=\"elementor-widget-wrap elementor-element-populated\">\n\t\t\t\t\t\t<section class=\"elementor-section elementor-inner-section elementor-element elementor-element-c65c765 elementor-section-height-min-height elementor-section-boxed elementor-section-height-default\" data-id=\"c65c765\" data-element_type=\"section\" data-e-type=\"section\" data-settings=\"{&quot;background_background&quot;:&quot;classic&quot;,&quot;jet_parallax_layout_list&quot;:[]}\">\n\t\t\t\t\t\t\t<div class=\"elementor-background-overlay\"><\/div>\n\t\t\t\t\t\t\t<div class=\"elementor-container elementor-column-gap-default\">\n\t\t\t\t\t<div class=\"elementor-column elementor-col-100 elementor-inner-column elementor-element elementor-element-3a68c83\" data-id=\"3a68c83\" data-element_type=\"column\" data-e-type=\"column\">\n\t\t\t<div class=\"elementor-widget-wrap elementor-element-populated\">\n\t\t\t\t\t\t<div class=\"elementor-element elementor-element-0900ced elementor-view-default elementor-widget elementor-widget-icon\" data-id=\"0900ced\" data-element_type=\"widget\" data-e-type=\"widget\" data-widget_type=\"icon.default\">\n\t\t\t\t<div class=\"elementor-widget-container\">\n\t\t\t\t\t\t\t<div class=\"elementor-icon-wrapper\">\n\t\t\t<div class=\"elementor-icon\">\n\t\t\t<svg xmlns=\"http:\/\/www.w3.org\/2000\/svg\" width=\"50\" height=\"47\" viewBox=\"0 0 50 47\" fill=\"none\"><g clip-path=\"url(#clip0_420_3958)\"><path d=\"M-0.000100186 24.0241C-0.132065 11.1703 10.2638 0.631013 23.211 0.5C25.9383 0.5 28.6363 0.994937 31.1876 1.9557C29.9852 3.26582 29.0761 4.80886 28.5336 6.48291C26.8474 5.90063 25.0879 5.60949 23.299 5.59494C13.3577 5.81329 5.48377 13.9943 5.70371 23.8639C5.70371 23.893 5.70371 23.9222 5.70371 23.9513C5.83568 33.6025 13.8269 41.3032 23.5483 41.1722C33.2697 41.0411 41.0263 33.1076 40.8943 23.4563V22.9323C42.8445 22.8886 44.7506 22.3937 46.4662 21.4766C46.5542 22.2335 46.5981 23.0051 46.5981 23.762C46.3782 36.5285 35.7624 46.7184 22.9031 46.4854C10.4691 46.2816 0.395794 36.412 0.0145626 24.0823\" fill=\"white\"><\/path><path d=\"M31.0264 10.4862C30.9971 5.28933 35.2053 1.0387 40.4546 0.995024C45.6892 0.96591 49.9707 5.14376 50 10.3552C50.0293 15.552 45.8211 19.8026 40.5719 19.8463C35.3372 19.8754 31.0557 15.6976 31.0264 10.4862ZM33.3431 10.4862C33.4018 14.4165 36.6422 17.5608 40.6158 17.5026C44.5894 17.4444 47.7419 14.2273 47.6833 10.2969C47.6246 6.36654 44.3842 3.22224 40.4106 3.28047C36.437 3.3387 33.2845 6.55578 33.3431 10.4862Z\" fill=\"white\"><\/path><\/g><defs><clipPath id=\"clip0_420_3958\"><rect width=\"50\" height=\"46\" fill=\"white\" transform=\"translate(0 0.5)\"><\/rect><\/clipPath><\/defs><\/svg>\t\t\t<\/div>\n\t\t<\/div>\n\t\t\t\t\t\t<\/div>\n\t\t\t\t<\/div>\n\t\t\t\t<div class=\"elementor-element elementor-element-d586796 elementor-widget elementor-widget-heading\" data-id=\"d586796\" data-element_type=\"widget\" data-e-type=\"widget\" data-widget_type=\"heading.default\">\n\t\t\t\t<div class=\"elementor-widget-container\">\n\t\t\t\t\t<h1 class=\"elementor-heading-title elementor-size-default\">La empresa<\/h1>\t\t\t\t<\/div>\n\t\t\t\t<\/div>\n\t\t\t\t<div class=\"elementor-element elementor-element-afa59d2 elementor-widget__width-auto breadcrumbs-wrapper elementor-absolute elementor-widget elementor-widget-global elementor-global-714 elementor-widget-breadcrumbs\" data-id=\"afa59d2\" data-element_type=\"widget\" data-e-type=\"widget\" data-settings=\"{&quot;_position&quot;:&quot;absolute&quot;}\" data-widget_type=\"breadcrumbs.default\">\n\t\t\t\t<div class=\"elementor-widget-container\">\n\t\t\t\t\t<p id=\"breadcrumbs\"><span><span><a href=\"https:\/\/www.olmar.com\/es\/\">Home<\/a><\/span><\/span><\/p>\t\t\t\t<\/div>\n\t\t\t\t<\/div>\n\t\t\t\t\t<\/div>\n\t\t<\/div>\n\t\t\t\t\t<\/div>\n\t\t<\/section>\n\t\t\t\t\t<\/div>\n\t\t<\/div>\n\t\t\t\t\t<\/div>\n\t\t<\/section>\n\t\t\t\t<section class=\"elementor-section elementor-top-section elementor-element elementor-element-80ab8a3 fullwidth elementor-section-boxed elementor-section-height-default elementor-section-height-default\" data-id=\"80ab8a3\" data-element_type=\"section\" data-e-type=\"section\" data-settings=\"{&quot;background_background&quot;:&quot;classic&quot;,&quot;jet_parallax_layout_list&quot;:[]}\">\n\t\t\t\t\t\t<div class=\"elementor-container elementor-column-gap-default\">\n\t\t\t\t\t<div class=\"elementor-column elementor-col-100 elementor-top-column elementor-element elementor-element-35418b2\" data-id=\"35418b2\" data-element_type=\"column\" data-e-type=\"column\">\n\t\t\t<div class=\"elementor-widget-wrap elementor-element-populated\">\n\t\t\t\t\t\t<div class=\"elementor-element elementor-element-1a206f5 elementor-widget elementor-widget-heading\" data-id=\"1a206f5\" data-element_type=\"widget\" data-e-type=\"widget\" data-widget_type=\"heading.default\">\n\t\t\t\t<div class=\"elementor-widget-container\">\n\t\t\t\t\t<p class=\"elementor-heading-title elementor-size-default\">\/ Nosotros \/<\/p>\t\t\t\t<\/div>\n\t\t\t\t<\/div>\n\t\t\t\t<div class=\"elementor-element elementor-element-ecbefb8 elementor-widget elementor-widget-heading\" data-id=\"ecbefb8\" data-element_type=\"widget\" data-e-type=\"widget\" data-widget_type=\"heading.default\">\n\t\t\t\t<div class=\"elementor-widget-container\">\n\t\t\t\t\t<h2 class=\"elementor-heading-title elementor-size-default\">OLMAR S.A. es una empresa familiar dedicada a la fabricaci\u00f3n de Autoclaves, generadores de vapor y todo tipo de aparatos a presi\u00f3n.<\/h2>\t\t\t\t<\/div>\n\t\t\t\t<\/div>\n\t\t\t\t<section class=\"elementor-section elementor-inner-section elementor-element elementor-element-4bf11e1 elementor-section-boxed elementor-section-height-default elementor-section-height-default\" data-id=\"4bf11e1\" data-element_type=\"section\" data-e-type=\"section\" data-settings=\"{&quot;jet_parallax_layout_list&quot;:[]}\">\n\t\t\t\t\t\t<div class=\"elementor-container elementor-column-gap-default\">\n\t\t\t\t\t<div class=\"elementor-column elementor-col-50 elementor-inner-column elementor-element elementor-element-6852a82\" data-id=\"6852a82\" data-element_type=\"column\" data-e-type=\"column\">\n\t\t\t<div class=\"elementor-widget-wrap elementor-element-populated\">\n\t\t\t\t\t\t<div class=\"elementor-element elementor-element-6538d37 elementor-widget elementor-widget-text-editor\" data-id=\"6538d37\" data-element_type=\"widget\" data-e-type=\"widget\" data-widget_type=\"text-editor.default\">\n\t\t\t\t<div class=\"elementor-widget-container\">\n\t\t\t\t\t\t\t\t\t<p>Fundada en el a\u00f1o 1945 por D. Olegario Garc\u00eda Hevia, la historia de Olmar se construye a partir de valores\u00a0 como el trabajo, el esfuerzo y la superaci\u00f3n, que definen a la empresa y la convierten en lo que es hoy.<\/p><p>Localizada en Gij\u00f3n -al Norte de Espa\u00f1a-, Olmar desarrolla su actividad en un enclave de gran tradici\u00f3n empresarial, lo que le permite aprovechar todas las ventajas de un entorno industrial y disponer de las mejores comunicaciones para sus operaciones nacionales e internacionales. Este esp\u00edritu de integraci\u00f3n y trabajo en equipo se ve reforzado con el nacimiento del Grupo Olmar, que agrupa a tres grandes empresas (Olmar, Cosermo y Vallina) con el objetivo de mejorar sus resultados y aumentar su competitividad.<\/p>\t\t\t\t\t\t\t\t<\/div>\n\t\t\t\t<\/div>\n\t\t\t\t<div class=\"elementor-element elementor-element-b7ebd55 elementor-widget elementor-widget-image\" data-id=\"b7ebd55\" data-element_type=\"widget\" data-e-type=\"widget\" data-widget_type=\"image.default\">\n\t\t\t\t<div class=\"elementor-widget-container\">\n\t\t\t\t\t\t\t\t\t\t\t\t\t\t\t<img decoding=\"async\" width=\"450\" height=\"64\" src=\"https:\/\/www.olmar.com\/wp-content\/uploads\/2024\/11\/Logos.png\" class=\"attachment-large size-large wp-image-785\" alt=\"\" srcset=\"https:\/\/www.olmar.com\/wp-content\/uploads\/2024\/11\/Logos.png 450w, https:\/\/www.olmar.com\/wp-content\/uploads\/2024\/11\/Logos-300x43.png 300w\" sizes=\"(max-width: 450px) 100vw, 450px\" \/>\t\t\t\t\t\t\t\t\t\t\t\t\t\t\t<\/div>\n\t\t\t\t<\/div>\n\t\t\t\t<div class=\"elementor-element elementor-element-f9b0130 elementor-widget elementor-widget-heading\" data-id=\"f9b0130\" data-element_type=\"widget\" data-e-type=\"widget\" data-widget_type=\"heading.default\">\n\t\t\t\t<div class=\"elementor-widget-container\">\n\t\t\t\t\t<h3 class=\"elementor-heading-title elementor-size-default\">Innovaci\u00f3n y excelencia<\/h3>\t\t\t\t<\/div>\n\t\t\t\t<\/div>\n\t\t\t\t<div class=\"elementor-element elementor-element-faee3a7 elementor-widget elementor-widget-text-editor\" data-id=\"faee3a7\" data-element_type=\"widget\" data-e-type=\"widget\" data-widget_type=\"text-editor.default\">\n\t\t\t\t<div class=\"elementor-widget-container\">\n\t\t\t\t\t\t\t\t\t<p>La b\u00fasqueda de la innovaci\u00f3n y la excelencia ha sido siempre una m\u00e1xima para la compa\u00f1\u00eda, que ha experimentado un gran crecimiento en los \u00faltimos a\u00f1os. Como muestra de ello destaca la reciente adquisici\u00f3n de una nueva planta de gran tama\u00f1o, que se suma a las instalaciones ya existentes y completa un complejo industrial con m\u00e1s de 25.000 m2\u00a0cubiertos y 70.000 m2\u00a0de parcela. Todos estos elementos convierten a Olmar en una empresa l\u00edder en su sector, referencia en el mercado internacional y con grandes expectativas de futuro.<\/p>\t\t\t\t\t\t\t\t<\/div>\n\t\t\t\t<\/div>\n\t\t\t\t\t<\/div>\n\t\t<\/div>\n\t\t\t\t<div class=\"elementor-column elementor-col-50 elementor-inner-column elementor-element elementor-element-00b9c69\" data-id=\"00b9c69\" data-element_type=\"column\" data-e-type=\"column\">\n\t\t\t<div class=\"elementor-widget-wrap elementor-element-populated\">\n\t\t\t\t\t\t<div class=\"elementor-element elementor-element-f9a3161 elementor-widget elementor-widget-image\" data-id=\"f9a3161\" data-element_type=\"widget\" data-e-type=\"widget\" data-widget_type=\"image.default\">\n\t\t\t\t<div class=\"elementor-widget-container\">\n\t\t\t\t\t\t\t\t\t\t\t\t\t\t\t<img fetchpriority=\"high\" decoding=\"async\" width=\"655\" height=\"658\" src=\"https:\/\/www.olmar.com\/wp-content\/uploads\/2024\/11\/Imagen.png\" class=\"attachment-full size-full wp-image-778\" alt=\"\" srcset=\"https:\/\/www.olmar.com\/wp-content\/uploads\/2024\/11\/Imagen.png 655w, https:\/\/www.olmar.com\/wp-content\/uploads\/2024\/11\/Imagen-300x300.png 300w, https:\/\/www.olmar.com\/wp-content\/uploads\/2024\/11\/Imagen-150x150.png 150w\" sizes=\"(max-width: 655px) 100vw, 655px\" \/>\t\t\t\t\t\t\t\t\t\t\t\t\t\t\t<\/div>\n\t\t\t\t<\/div>\n\t\t\t\t\t<\/div>\n\t\t<\/div>\n\t\t\t\t\t<\/div>\n\t\t<\/section>\n\t\t\t\t\t<\/div>\n\t\t<\/div>\n\t\t\t\t\t<\/div>\n\t\t<\/section>\n\t\t\t\t<section class=\"elementor-section elementor-top-section elementor-element elementor-element-2d55210 elementor-section-full_width elementor-section-height-min-height elementor-section-height-default elementor-section-items-middle\" data-id=\"2d55210\" data-element_type=\"section\" data-e-type=\"section\" data-settings=\"{&quot;background_background&quot;:&quot;classic&quot;,&quot;jet_parallax_layout_list&quot;:[]}\">\n\t\t\t\t\t\t\t<div class=\"elementor-background-overlay\"><\/div>\n\t\t\t\t\t\t\t<div class=\"elementor-container elementor-column-gap-default\">\n\t\t\t\t\t<div class=\"elementor-column elementor-col-100 elementor-top-column elementor-element elementor-element-6e0fa98\" data-id=\"6e0fa98\" data-element_type=\"column\" data-e-type=\"column\">\n\t\t\t<div class=\"elementor-widget-wrap elementor-element-populated\">\n\t\t\t\t\t\t<div class=\"elementor-element elementor-element-ff9cff7 btn-play animated-slow elementor-view-default elementor-invisible elementor-widget elementor-widget-icon\" data-id=\"ff9cff7\" data-element_type=\"widget\" data-e-type=\"widget\" data-settings=\"{&quot;_animation&quot;:&quot;zoomIn&quot;,&quot;_animation_delay&quot;:200}\" data-widget_type=\"icon.default\">\n\t\t\t\t<div class=\"elementor-widget-container\">\n\t\t\t\t\t\t\t<div class=\"elementor-icon-wrapper\">\n\t\t\t<a class=\"elementor-icon elementor-animation-grow\" href=\"#elementor-action%3Aaction%3Dpopup%3Aopen%26settings%3DeyJpZCI6MzMxLCJ0b2dnbGUiOmZhbHNlfQ%3D%3D\">\n\t\t\t<svg xmlns=\"http:\/\/www.w3.org\/2000\/svg\" width=\"150\" height=\"150\" viewBox=\"0 0 150 150\" fill=\"none\"><circle cx=\"75\" cy=\"75\" r=\"75\" fill=\"#4AA1E3\"><\/circle><path d=\"M95.5 71.9019C97.5 73.0566 97.5 75.9434 95.5 77.0981L66.25 93.9856C64.25 95.1403 61.75 93.6969 61.75 91.3875L61.75 57.6125C61.75 55.3031 64.25 53.8597 66.25 55.0144L95.5 71.9019Z\" fill=\"white\"><\/path><\/svg>\t\t\t<\/a>\n\t\t<\/div>\n\t\t\t\t\t\t<\/div>\n\t\t\t\t<\/div>\n\t\t\t\t\t<\/div>\n\t\t<\/div>\n\t\t\t\t\t<\/div>\n\t\t<\/section>\n\t\t\t\t<\/div>\n\t\t","protected":false},"excerpt":{"rendered":"<p>La empresa \/ Nosotros \/ OLMAR S.A. es una empresa familiar dedicada a la fabricaci\u00f3n de Autoclaves, generadores de vapor y todo tipo de aparatos a presi\u00f3n. Fundada en el a\u00f1o 1945 por D. Olegario Garc\u00eda Hevia, la historia de Olmar se construye a partir de valores\u00a0 como el trabajo, el esfuerzo y la superaci\u00f3n, [&hellip;]<\/p>\n","protected":false},"author":12,"featured_media":0,"parent":0,"menu_order":0,"comment_status":"closed","ping_status":"closed","template":"","meta":{"footnotes":""},"class_list":["post-12","page","type-page","status-publish","hentry"],"yoast_head":"<!-- This site is optimized with the Yoast SEO plugin v27.4 - https:\/\/yoast.com\/product\/yoast-seo-wordpress\/ -->\n<title>Olmar S.A: eficiciencia energ\u00e9tica a trav\u00e9s de soluciones industriales<\/title>\n<meta name=\"description\" content=\"Olmar S.A. es l\u00edder en la fabricaci\u00f3n de autoclaves, generadores de vapor y soluciones industriales, destacando por su tecnolog\u00eda avanzada y control de calidad.\" \/>\n<meta name=\"robots\" content=\"index, follow, max-snippet:-1, max-image-preview:large, max-video-preview:-1\" \/>\n<link rel=\"canonical\" href=\"https:\/\/www.olmar.com\/es\/empresa\/\" \/>\n<meta property=\"og:locale\" content=\"es_ES\" \/>\n<meta property=\"og:type\" content=\"article\" \/>\n<meta property=\"og:title\" content=\"Olmar S.A: eficiciencia energ\u00e9tica a trav\u00e9s de soluciones industriales\" \/>\n<meta property=\"og:description\" content=\"Olmar S.A. es l\u00edder en la fabricaci\u00f3n de autoclaves, generadores de vapor y soluciones industriales, destacando por su tecnolog\u00eda avanzada y control de calidad.\" \/>\n<meta property=\"og:url\" content=\"https:\/\/www.olmar.com\/es\/empresa\/\" \/>\n<meta property=\"og:site_name\" content=\"Olmar\" \/>\n<meta property=\"article:modified_time\" content=\"2025-03-31T15:27:03+00:00\" \/>\n<meta property=\"og:image\" content=\"https:\/\/www.olmar.com\/wp-content\/uploads\/2024\/11\/Logos.png\" \/>\n\t<meta property=\"og:image:width\" content=\"450\" \/>\n\t<meta property=\"og:image:height\" content=\"64\" \/>\n\t<meta property=\"og:image:type\" content=\"image\/png\" \/>\n<meta name=\"twitter:card\" content=\"summary_large_image\" \/>\n<meta name=\"twitter:label1\" content=\"Tiempo de lectura\" \/>\n\t<meta name=\"twitter:data1\" content=\"2 minutos\" \/>\n<script type=\"application\/ld+json\" class=\"yoast-schema-graph\">{\"@context\":\"https:\\\/\\\/schema.org\",\"@graph\":[{\"@type\":\"WebPage\",\"@id\":\"https:\\\/\\\/www.olmar.com\\\/es\\\/empresa\\\/\",\"url\":\"https:\\\/\\\/www.olmar.com\\\/es\\\/empresa\\\/\",\"name\":\"Olmar S.A: eficiciencia energ\u00e9tica a trav\u00e9s de soluciones industriales\",\"isPartOf\":{\"@id\":\"https:\\\/\\\/www.olmar.com\\\/es\\\/#website\"},\"primaryImageOfPage\":{\"@id\":\"https:\\\/\\\/www.olmar.com\\\/es\\\/empresa\\\/#primaryimage\"},\"image\":{\"@id\":\"https:\\\/\\\/www.olmar.com\\\/es\\\/empresa\\\/#primaryimage\"},\"thumbnailUrl\":\"https:\\\/\\\/www.olmar.com\\\/wp-content\\\/uploads\\\/2024\\\/11\\\/Logos.png\",\"datePublished\":\"2024-10-23T04:47:43+00:00\",\"dateModified\":\"2025-03-31T15:27:03+00:00\",\"description\":\"Olmar S.A. es l\u00edder en la fabricaci\u00f3n de autoclaves, generadores de vapor y soluciones industriales, destacando por su tecnolog\u00eda avanzada y control de calidad.\",\"breadcrumb\":{\"@id\":\"https:\\\/\\\/www.olmar.com\\\/es\\\/empresa\\\/#breadcrumb\"},\"inLanguage\":\"es\",\"potentialAction\":[{\"@type\":\"ReadAction\",\"target\":[\"https:\\\/\\\/www.olmar.com\\\/es\\\/empresa\\\/\"]}]},{\"@type\":\"ImageObject\",\"inLanguage\":\"es\",\"@id\":\"https:\\\/\\\/www.olmar.com\\\/es\\\/empresa\\\/#primaryimage\",\"url\":\"https:\\\/\\\/www.olmar.com\\\/wp-content\\\/uploads\\\/2024\\\/11\\\/Logos.png\",\"contentUrl\":\"https:\\\/\\\/www.olmar.com\\\/wp-content\\\/uploads\\\/2024\\\/11\\\/Logos.png\"},{\"@type\":\"BreadcrumbList\",\"@id\":\"https:\\\/\\\/www.olmar.com\\\/es\\\/empresa\\\/#breadcrumb\",\"itemListElement\":[{\"@type\":\"ListItem\",\"position\":1,\"name\":\"Home\",\"item\":\"https:\\\/\\\/www.olmar.com\\\/es\\\/\"},{\"@type\":\"ListItem\",\"position\":2,\"name\":\"La empresa\"}]},{\"@type\":\"WebSite\",\"@id\":\"https:\\\/\\\/www.olmar.com\\\/es\\\/#website\",\"url\":\"https:\\\/\\\/www.olmar.com\\\/es\\\/\",\"name\":\"Olmar\",\"description\":\"Just another WordPress site\",\"potentialAction\":[{\"@type\":\"SearchAction\",\"target\":{\"@type\":\"EntryPoint\",\"urlTemplate\":\"https:\\\/\\\/www.olmar.com\\\/es\\\/?s={search_term_string}\"},\"query-input\":{\"@type\":\"PropertyValueSpecification\",\"valueRequired\":true,\"valueName\":\"search_term_string\"}}],\"inLanguage\":\"es\"}]}<\/script>\n<!-- \/ Yoast SEO plugin. -->","yoast_head_json":{"title":"Olmar S.A: eficiciencia energ\u00e9tica a trav\u00e9s de soluciones industriales","description":"Olmar S.A. es l\u00edder en la fabricaci\u00f3n de autoclaves, generadores de vapor y soluciones industriales, destacando por su tecnolog\u00eda avanzada y control de calidad.","robots":{"index":"index","follow":"follow","max-snippet":"max-snippet:-1","max-image-preview":"max-image-preview:large","max-video-preview":"max-video-preview:-1"},"canonical":"https:\/\/www.olmar.com\/es\/empresa\/","og_locale":"es_ES","og_type":"article","og_title":"Olmar S.A: eficiciencia energ\u00e9tica a trav\u00e9s de soluciones industriales","og_description":"Olmar S.A. es l\u00edder en la fabricaci\u00f3n de autoclaves, generadores de vapor y soluciones industriales, destacando por su tecnolog\u00eda avanzada y control de calidad.","og_url":"https:\/\/www.olmar.com\/es\/empresa\/","og_site_name":"Olmar","article_modified_time":"2025-03-31T15:27:03+00:00","og_image":[{"width":450,"height":64,"url":"https:\/\/www.olmar.com\/wp-content\/uploads\/2024\/11\/Logos.png","type":"image\/png"}],"twitter_card":"summary_large_image","twitter_misc":{"Tiempo de lectura":"2 minutos"},"schema":{"@context":"https:\/\/schema.org","@graph":[{"@type":"WebPage","@id":"https:\/\/www.olmar.com\/es\/empresa\/","url":"https:\/\/www.olmar.com\/es\/empresa\/","name":"Olmar S.A: eficiciencia energ\u00e9tica a trav\u00e9s de soluciones industriales","isPartOf":{"@id":"https:\/\/www.olmar.com\/es\/#website"},"primaryImageOfPage":{"@id":"https:\/\/www.olmar.com\/es\/empresa\/#primaryimage"},"image":{"@id":"https:\/\/www.olmar.com\/es\/empresa\/#primaryimage"},"thumbnailUrl":"https:\/\/www.olmar.com\/wp-content\/uploads\/2024\/11\/Logos.png","datePublished":"2024-10-23T04:47:43+00:00","dateModified":"2025-03-31T15:27:03+00:00","description":"Olmar S.A. es l\u00edder en la fabricaci\u00f3n de autoclaves, generadores de vapor y soluciones industriales, destacando por su tecnolog\u00eda avanzada y control de calidad.","breadcrumb":{"@id":"https:\/\/www.olmar.com\/es\/empresa\/#breadcrumb"},"inLanguage":"es","potentialAction":[{"@type":"ReadAction","target":["https:\/\/www.olmar.com\/es\/empresa\/"]}]},{"@type":"ImageObject","inLanguage":"es","@id":"https:\/\/www.olmar.com\/es\/empresa\/#primaryimage","url":"https:\/\/www.olmar.com\/wp-content\/uploads\/2024\/11\/Logos.png","contentUrl":"https:\/\/www.olmar.com\/wp-content\/uploads\/2024\/11\/Logos.png"},{"@type":"BreadcrumbList","@id":"https:\/\/www.olmar.com\/es\/empresa\/#breadcrumb","itemListElement":[{"@type":"ListItem","position":1,"name":"Home","item":"https:\/\/www.olmar.com\/es\/"},{"@type":"ListItem","position":2,"name":"La empresa"}]},{"@type":"WebSite","@id":"https:\/\/www.olmar.com\/es\/#website","url":"https:\/\/www.olmar.com\/es\/","name":"Olmar","description":"Just another WordPress site","potentialAction":[{"@type":"SearchAction","target":{"@type":"EntryPoint","urlTemplate":"https:\/\/www.olmar.com\/es\/?s={search_term_string}"},"query-input":{"@type":"PropertyValueSpecification","valueRequired":true,"valueName":"search_term_string"}}],"inLanguage":"es"}]}},"_links":{"self":[{"href":"https:\/\/www.olmar.com\/es\/wp-json\/wp\/v2\/pages\/12","targetHints":{"allow":["GET"]}}],"collection":[{"href":"https:\/\/www.olmar.com\/es\/wp-json\/wp\/v2\/pages"}],"about":[{"href":"https:\/\/www.olmar.com\/es\/wp-json\/wp\/v2\/types\/page"}],"author":[{"embeddable":true,"href":"https:\/\/www.olmar.com\/es\/wp-json\/wp\/v2\/users\/12"}],"replies":[{"embeddable":true,"href":"https:\/\/www.olmar.com\/es\/wp-json\/wp\/v2\/comments?post=12"}],"version-history":[{"count":3,"href":"https:\/\/www.olmar.com\/es\/wp-json\/wp\/v2\/pages\/12\/revisions"}],"predecessor-version":[{"id":303065,"href":"https:\/\/www.olmar.com\/es\/wp-json\/wp\/v2\/pages\/12\/revisions\/303065"}],"wp:attachment":[{"href":"https:\/\/www.olmar.com\/es\/wp-json\/wp\/v2\/media?parent=12"}],"curies":[{"name":"wp","href":"https:\/\/api.w.org\/{rel}","templated":true}]}}