{"id":300549,"date":"2024-11-27T17:18:21","date_gmt":"2024-11-27T17:18:21","guid":{"rendered":"https:\/\/www.olmar.com\/politica-de-cookies\/"},"modified":"2026-02-12T14:28:15","modified_gmt":"2026-02-12T14:28:15","slug":"cookiepolitik","status":"publish","type":"page","link":"https:\/\/www.olmar.com\/de\/cookiepolitik\/","title":{"rendered":"Cookiepolitik"},"content":{"rendered":"\t\t<div data-elementor-type=\"wp-page\" data-elementor-id=\"300549\" class=\"elementor elementor-300549 elementor-294857\" data-elementor-post-type=\"page\">\n\t\t\t\t\t\t<section class=\"elementor-section elementor-top-section elementor-element elementor-element-9f3cb9f elementor-section-boxed elementor-section-height-default elementor-section-height-default\" data-id=\"9f3cb9f\" data-element_type=\"section\" data-e-type=\"section\" data-settings=\"{&quot;jet_parallax_layout_list&quot;:[]}\">\n\t\t\t\t\t\t<div class=\"elementor-container elementor-column-gap-default\">\n\t\t\t\t\t<div class=\"elementor-column elementor-col-100 elementor-top-column elementor-element elementor-element-9d684d0\" data-id=\"9d684d0\" data-element_type=\"column\" data-e-type=\"column\">\n\t\t\t<div class=\"elementor-widget-wrap elementor-element-populated\">\n\t\t\t\t\t\t<div class=\"elementor-element elementor-element-49cf189 elementor-widget elementor-widget-heading\" data-id=\"49cf189\" data-element_type=\"widget\" data-e-type=\"widget\" data-widget_type=\"heading.default\">\n\t\t\t\t<div class=\"elementor-widget-container\">\n\t\t\t\t\t<h1 class=\"elementor-heading-title elementor-size-default\">Cookiepolitik<\/h1>\t\t\t\t<\/div>\n\t\t\t\t<\/div>\n\t\t\t\t<div class=\"elementor-element elementor-element-c06c4e2 elementor-widget elementor-widget-text-editor\" data-id=\"c06c4e2\" data-element_type=\"widget\" data-e-type=\"widget\" data-widget_type=\"text-editor.default\">\n\t\t\t\t<div class=\"elementor-widget-container\">\n\t\t\t\t\t\t\t\t\t<p>In \u00dcbereinstimmung mit dem Gesetz 34\/2002 vom 11. Juli \u00fcber Dienste der Informationsgesellschaft und des elektronischen Gesch\u00e4ftsverkehrs informieren wir Sie dar\u00fcber, dass diese Website, wie die meisten Websites im Internet, Cookies verwendet, um die Benutzererfahrung zu verbessern und zu optimieren. Nachfolgend finden Sie detaillierte Informationen dar\u00fcber, was \u201eCookies\u201c sind, welche Art von Cookies diese Website verwendet, wie Sie Ihre Cookie-Einstellungen \u00e4ndern k\u00f6nnen und was passiert, wenn Sie Cookies deaktivieren.<\/p><h2>Was sind Cookies?<\/h2><div class=\"cookie-policy-p\"><p>In dieser Cookie-Richtlinie wird erkl\u00e4rt, was Cookies sind, wie wir sie verwenden, welche Arten von Cookies wir verwenden (d. h. welche Informationen wir mithilfe von Cookies sammeln und wie diese Informationen verwendet werden) und wie Sie Ihre Cookie-Einstellungen verwalten k\u00f6nnen.<\/p><p>Cookies sind kleine Textdateien, die dazu dienen, kleine Informationen zu speichern. Sie werden auf Ihrem Ger\u00e4t gespeichert, wenn eine Website in Ihrem Browser geladen wird. Diese Cookies tragen dazu bei, dass die Website ordnungsgem\u00e4\u00df funktioniert, die Sicherheit erh\u00f6ht wird, die Benutzerfreundlichkeit verbessert und die Leistung analysiert wird, um festzustellen, was funktioniert und wo Verbesserungen erforderlich sind.<\/p><\/div><p>\u00a0<\/p><h2>Wie verwenden wir Cookies?<\/h2><div class=\"cookie-policy-p\"><p>Wie die meisten Online-Dienste verwendet auch unsere Website sowohl Erstanbieter- als auch Drittanbieter-Cookies f\u00fcr verschiedene Zwecke. Erstanbieter-Cookies sind in erster Linie f\u00fcr das ordnungsgem\u00e4\u00dfe Funktionieren der Website erforderlich und erfassen keine personenbezogenen Daten.<\/p><p>Die Cookies von Drittanbietern, die auf unserer Website verwendet werden, helfen uns vor allem zu verstehen, wie die Website funktioniert, zu verfolgen, wie Sie mit ihr interagieren, unsere Dienste sicher zu halten, relevante Werbung zu liefern und Ihre allgemeine Benutzererfahrung zu verbessern, w\u00e4hrend wir die Geschwindigkeit Ihrer zuk\u00fcnftigen Interaktionen mit unserer Website erh\u00f6hen.<\/p><\/div><p>\u00a0<\/p><h2>Von uns verwendete Cookie-Arten<\/h2><div class=\"cky-audit-table-element\">\u00a0<\/div><p>\u00a0<\/p><h2 style=\"margin-bottom: 20px;\">Cookie-Einstellungen verwalten<\/h2><p><a class=\"cky-banner-element\">Einwilligungseinstellungen<\/a><\/p><div><p>\u00a0<\/p><p>Sie k\u00f6nnen Ihre Cookie-Einstellungen jederzeit \u00e4ndern, indem Sie oben auf die Schaltfl\u00e4che \u201eEinwilligungseinstellungen\u201c klicken. Auf diese Weise k\u00f6nnen Sie das Cookie-Einwilligungsbanner erneut aufrufen und Ihre Einstellungen aktualisieren oder Ihre Einwilligung sofort zur\u00fcckziehen.<\/p><p>Au\u00dferdem bieten verschiedene Browser unterschiedliche Methoden zum Blockieren und L\u00f6schen von Cookies, die von Websites verwendet werden. Sie k\u00f6nnen Ihre Browsereinstellungen anpassen, um Cookies zu blockieren oder zu l\u00f6schen. Nachfolgend finden Sie Links zu Support-Dokumenten \u00fcber die Verwaltung und L\u00f6schung von Cookies in den wichtigsten Webbrowsern.<\/p><p>Chrome: <a href=\"https:\/\/support.google.com\/accounts\/answer\/32050\" target=\"_blank\" rel=\"noopener noreferrer\">https:\/\/support.google.com\/accounts\/answer\/32050<\/a><\/p><p>Safari: <a href=\"https:\/\/support.apple.com\/en-in\/guide\/safari\/sfri11471\/mac\" target=\"_blank\" rel=\"noopener noreferrer\">https:\/\/support.apple.com\/en-in\/guide\/safari\/sfri11471\/mac<\/a><\/p><p>Firefox: <a href=\"https:\/\/support.mozilla.org\/en-US\/kb\/clear-cookies-and-site-data-firefox?redirectslug=delete-cookies-remove-info-websites-stored&amp;redirectlocale=en-US\" target=\"_blank\" rel=\"noopener noreferrer\">https:\/\/support.mozilla.org\/en-US\/kb\/clear-cookies-and-site-data-firefox?redirectslug=delete-cookies-remove-info-websites-stored&amp;redirectlocale=en-US<\/a><\/p><p>Internet Explorer: <a href=\"https:\/\/support.microsoft.com\/en-us\/topic\/how-to-delete-cookie-files-in-internet-explorer-bca9446f-d873-78de-77ba-d42645fa52fc\" target=\"_blank\" rel=\"noopener noreferrer\">https:\/\/support.microsoft.com\/en-us\/topic\/how-to-delete-cookie-files-in-internet-explorer-bca9446f-d873-78de-77ba-d42645fa52fc<\/a><\/p><p>Wenn Sie einen anderen Webbrowser verwenden, lesen Sie bitte dessen offizielle Support-Dokumentation.<\/p><\/div>\t\t\t\t\t\t\t\t<\/div>\n\t\t\t\t<\/div>\n\t\t\t\t\t<\/div>\n\t\t<\/div>\n\t\t\t\t\t<\/div>\n\t\t<\/section>\n\t\t\t\t<\/div>\n\t\t","protected":false},"excerpt":{"rendered":"<p>In \u00dcbereinstimmung mit dem Gesetz 34\/2002 vom 11. Juli \u00fcber Dienste der Informationsgesellschaft und des elektronischen Gesch\u00e4ftsverkehrs informieren wir Sie dar\u00fcber, dass diese Website, wie die meisten Websites im Internet, Cookies verwendet, um die Benutzererfahrung zu verbessern und zu optimieren. Nachfolgend finden Sie detaillierte Informationen dar\u00fcber, was \u201eCookies\u201c sind, welche Art von Cookies diese Website [&hellip;]<\/p>\n","protected":false},"author":12,"featured_media":0,"parent":0,"menu_order":0,"comment_status":"closed","ping_status":"closed","template":"","meta":{"footnotes":""},"class_list":["post-300549","page","type-page","status-publish","hentry"],"yoast_head":"<!-- This site is optimized with the Yoast SEO plugin v27.2 - https:\/\/yoast.com\/product\/yoast-seo-wordpress\/ -->\n<title>Cookiepolitik - Olmar<\/title>\n<meta name=\"robots\" content=\"index, follow, max-snippet:-1, max-image-preview:large, max-video-preview:-1\" \/>\n<link rel=\"canonical\" href=\"https:\/\/www.olmar.com\/de\/cookiepolitik\/\" \/>\n<meta property=\"og:locale\" content=\"de_DE\" \/>\n<meta property=\"og:type\" content=\"article\" \/>\n<meta property=\"og:title\" content=\"Cookiepolitik - Olmar\" \/>\n<meta property=\"og:description\" content=\"In \u00dcbereinstimmung mit dem Gesetz 34\/2002 vom 11. Juli \u00fcber Dienste der Informationsgesellschaft und des elektronischen Gesch\u00e4ftsverkehrs informieren wir Sie dar\u00fcber, dass diese Website, wie die meisten Websites im Internet, Cookies verwendet, um die Benutzererfahrung zu verbessern und zu optimieren. Nachfolgend finden Sie detaillierte Informationen dar\u00fcber, was \u201eCookies\u201c sind, welche Art von Cookies diese Website [&hellip;]\" \/>\n<meta property=\"og:url\" content=\"https:\/\/www.olmar.com\/de\/cookiepolitik\/\" \/>\n<meta property=\"og:site_name\" content=\"Olmar\" \/>\n<meta property=\"article:modified_time\" content=\"2026-02-12T14:28:15+00:00\" \/>\n<meta name=\"twitter:card\" content=\"summary_large_image\" \/>\n<meta name=\"twitter:label1\" content=\"Gesch\u00e4tzte Lesezeit\" \/>\n\t<meta name=\"twitter:data1\" content=\"3\u00a0Minuten\" \/>\n<script type=\"application\/ld+json\" class=\"yoast-schema-graph\">{\"@context\":\"https:\/\/schema.org\",\"@graph\":[{\"@type\":\"WebPage\",\"@id\":\"https:\/\/www.olmar.com\/de\/cookiepolitik\/\",\"url\":\"https:\/\/www.olmar.com\/de\/cookiepolitik\/\",\"name\":\"Cookiepolitik - Olmar\",\"isPartOf\":{\"@id\":\"https:\/\/www.olmar.com\/de\/#website\"},\"datePublished\":\"2024-11-27T17:18:21+00:00\",\"dateModified\":\"2026-02-12T14:28:15+00:00\",\"breadcrumb\":{\"@id\":\"https:\/\/www.olmar.com\/de\/cookiepolitik\/#breadcrumb\"},\"inLanguage\":\"de\",\"potentialAction\":[{\"@type\":\"ReadAction\",\"target\":[\"https:\/\/www.olmar.com\/de\/cookiepolitik\/\"]}]},{\"@type\":\"BreadcrumbList\",\"@id\":\"https:\/\/www.olmar.com\/de\/cookiepolitik\/#breadcrumb\",\"itemListElement\":[{\"@type\":\"ListItem\",\"position\":1,\"name\":\"Home\",\"item\":\"https:\/\/www.olmar.com\/de\/\"},{\"@type\":\"ListItem\",\"position\":2,\"name\":\"Cookiepolitik\"}]},{\"@type\":\"WebSite\",\"@id\":\"https:\/\/www.olmar.com\/de\/#website\",\"url\":\"https:\/\/www.olmar.com\/de\/\",\"name\":\"Olmar\",\"description\":\"Just another WordPress site\",\"potentialAction\":[{\"@type\":\"SearchAction\",\"target\":{\"@type\":\"EntryPoint\",\"urlTemplate\":\"https:\/\/www.olmar.com\/de\/?s={search_term_string}\"},\"query-input\":{\"@type\":\"PropertyValueSpecification\",\"valueRequired\":true,\"valueName\":\"search_term_string\"}}],\"inLanguage\":\"de\"}]}<\/script>\n<!-- \/ Yoast SEO plugin. -->","yoast_head_json":{"title":"Cookiepolitik - Olmar","robots":{"index":"index","follow":"follow","max-snippet":"max-snippet:-1","max-image-preview":"max-image-preview:large","max-video-preview":"max-video-preview:-1"},"canonical":"https:\/\/www.olmar.com\/de\/cookiepolitik\/","og_locale":"de_DE","og_type":"article","og_title":"Cookiepolitik - Olmar","og_description":"In \u00dcbereinstimmung mit dem Gesetz 34\/2002 vom 11. Juli \u00fcber Dienste der Informationsgesellschaft und des elektronischen Gesch\u00e4ftsverkehrs informieren wir Sie dar\u00fcber, dass diese Website, wie die meisten Websites im Internet, Cookies verwendet, um die Benutzererfahrung zu verbessern und zu optimieren. Nachfolgend finden Sie detaillierte Informationen dar\u00fcber, was \u201eCookies\u201c sind, welche Art von Cookies diese Website [&hellip;]","og_url":"https:\/\/www.olmar.com\/de\/cookiepolitik\/","og_site_name":"Olmar","article_modified_time":"2026-02-12T14:28:15+00:00","twitter_card":"summary_large_image","twitter_misc":{"Gesch\u00e4tzte Lesezeit":"3\u00a0Minuten"},"schema":{"@context":"https:\/\/schema.org","@graph":[{"@type":"WebPage","@id":"https:\/\/www.olmar.com\/de\/cookiepolitik\/","url":"https:\/\/www.olmar.com\/de\/cookiepolitik\/","name":"Cookiepolitik - Olmar","isPartOf":{"@id":"https:\/\/www.olmar.com\/de\/#website"},"datePublished":"2024-11-27T17:18:21+00:00","dateModified":"2026-02-12T14:28:15+00:00","breadcrumb":{"@id":"https:\/\/www.olmar.com\/de\/cookiepolitik\/#breadcrumb"},"inLanguage":"de","potentialAction":[{"@type":"ReadAction","target":["https:\/\/www.olmar.com\/de\/cookiepolitik\/"]}]},{"@type":"BreadcrumbList","@id":"https:\/\/www.olmar.com\/de\/cookiepolitik\/#breadcrumb","itemListElement":[{"@type":"ListItem","position":1,"name":"Home","item":"https:\/\/www.olmar.com\/de\/"},{"@type":"ListItem","position":2,"name":"Cookiepolitik"}]},{"@type":"WebSite","@id":"https:\/\/www.olmar.com\/de\/#website","url":"https:\/\/www.olmar.com\/de\/","name":"Olmar","description":"Just another WordPress site","potentialAction":[{"@type":"SearchAction","target":{"@type":"EntryPoint","urlTemplate":"https:\/\/www.olmar.com\/de\/?s={search_term_string}"},"query-input":{"@type":"PropertyValueSpecification","valueRequired":true,"valueName":"search_term_string"}}],"inLanguage":"de"}]}},"_links":{"self":[{"href":"https:\/\/www.olmar.com\/de\/wp-json\/wp\/v2\/pages\/300549","targetHints":{"allow":["GET"]}}],"collection":[{"href":"https:\/\/www.olmar.com\/de\/wp-json\/wp\/v2\/pages"}],"about":[{"href":"https:\/\/www.olmar.com\/de\/wp-json\/wp\/v2\/types\/page"}],"author":[{"embeddable":true,"href":"https:\/\/www.olmar.com\/de\/wp-json\/wp\/v2\/users\/12"}],"replies":[{"embeddable":true,"href":"https:\/\/www.olmar.com\/de\/wp-json\/wp\/v2\/comments?post=300549"}],"version-history":[{"count":6,"href":"https:\/\/www.olmar.com\/de\/wp-json\/wp\/v2\/pages\/300549\/revisions"}],"predecessor-version":[{"id":304657,"href":"https:\/\/www.olmar.com\/de\/wp-json\/wp\/v2\/pages\/300549\/revisions\/304657"}],"wp:attachment":[{"href":"https:\/\/www.olmar.com\/de\/wp-json\/wp\/v2\/media?parent=300549"}],"curies":[{"name":"wp","href":"https:\/\/api.w.org\/{rel}","templated":true}]}}