{"id":300525,"date":"2025-01-21T09:10:41","date_gmt":"2025-01-21T09:10:41","guid":{"rendered":"https:\/\/www.olmar.com\/canal-de-denuncias\/"},"modified":"2025-09-25T15:16:45","modified_gmt":"2025-09-25T15:16:45","slug":"whistleblower-kanal","status":"publish","type":"page","link":"https:\/\/www.olmar.com\/de\/whistleblower-kanal\/","title":{"rendered":"Whistleblower-Kanal"},"content":{"rendered":"\t\t<div data-elementor-type=\"wp-page\" data-elementor-id=\"300525\" class=\"elementor elementor-300525 elementor-298605\" data-elementor-post-type=\"page\">\n\t\t\t\t\t\t<section class=\"elementor-section elementor-top-section elementor-element elementor-element-e07027b elementor-section-full_width fullwidth elementor-section-height-default elementor-section-height-default\" data-id=\"e07027b\" data-element_type=\"section\" data-e-type=\"section\" data-settings=\"{&quot;background_background&quot;:&quot;classic&quot;,&quot;jet_parallax_layout_list&quot;:[]}\">\n\t\t\t\t\t\t<div class=\"elementor-container elementor-column-gap-default\">\n\t\t\t\t\t<div class=\"elementor-column elementor-col-100 elementor-top-column elementor-element elementor-element-f53e3d6\" data-id=\"f53e3d6\" data-element_type=\"column\" data-e-type=\"column\">\n\t\t\t<div class=\"elementor-widget-wrap elementor-element-populated\">\n\t\t\t\t\t\t<section class=\"elementor-section elementor-inner-section elementor-element elementor-element-64d4cee elementor-section-height-min-height elementor-section-boxed elementor-section-height-default\" data-id=\"64d4cee\" data-element_type=\"section\" data-e-type=\"section\" data-settings=\"{&quot;background_background&quot;:&quot;classic&quot;,&quot;jet_parallax_layout_list&quot;:[]}\">\n\t\t\t\t\t\t\t<div class=\"elementor-background-overlay\"><\/div>\n\t\t\t\t\t\t\t<div class=\"elementor-container elementor-column-gap-default\">\n\t\t\t\t\t<div class=\"elementor-column elementor-col-100 elementor-inner-column elementor-element elementor-element-d7bbe88\" data-id=\"d7bbe88\" data-element_type=\"column\" data-e-type=\"column\">\n\t\t\t<div class=\"elementor-widget-wrap elementor-element-populated\">\n\t\t\t\t\t\t<div class=\"elementor-element elementor-element-d043b4c elementor-view-default elementor-widget elementor-widget-icon\" data-id=\"d043b4c\" data-element_type=\"widget\" data-e-type=\"widget\" data-widget_type=\"icon.default\">\n\t\t\t\t<div class=\"elementor-widget-container\">\n\t\t\t\t\t\t\t<div class=\"elementor-icon-wrapper\">\n\t\t\t<div class=\"elementor-icon\">\n\t\t\t<svg xmlns=\"http:\/\/www.w3.org\/2000\/svg\" width=\"50\" height=\"47\" viewBox=\"0 0 50 47\" fill=\"none\"><g clip-path=\"url(#clip0_420_3958)\"><path d=\"M-0.000100186 24.0241C-0.132065 11.1703 10.2638 0.631013 23.211 0.5C25.9383 0.5 28.6363 0.994937 31.1876 1.9557C29.9852 3.26582 29.0761 4.80886 28.5336 6.48291C26.8474 5.90063 25.0879 5.60949 23.299 5.59494C13.3577 5.81329 5.48377 13.9943 5.70371 23.8639C5.70371 23.893 5.70371 23.9222 5.70371 23.9513C5.83568 33.6025 13.8269 41.3032 23.5483 41.1722C33.2697 41.0411 41.0263 33.1076 40.8943 23.4563V22.9323C42.8445 22.8886 44.7506 22.3937 46.4662 21.4766C46.5542 22.2335 46.5981 23.0051 46.5981 23.762C46.3782 36.5285 35.7624 46.7184 22.9031 46.4854C10.4691 46.2816 0.395794 36.412 0.0145626 24.0823\" fill=\"white\"><\/path><path d=\"M31.0264 10.4862C30.9971 5.28933 35.2053 1.0387 40.4546 0.995024C45.6892 0.96591 49.9707 5.14376 50 10.3552C50.0293 15.552 45.8211 19.8026 40.5719 19.8463C35.3372 19.8754 31.0557 15.6976 31.0264 10.4862ZM33.3431 10.4862C33.4018 14.4165 36.6422 17.5608 40.6158 17.5026C44.5894 17.4444 47.7419 14.2273 47.6833 10.2969C47.6246 6.36654 44.3842 3.22224 40.4106 3.28047C36.437 3.3387 33.2845 6.55578 33.3431 10.4862Z\" fill=\"white\"><\/path><\/g><defs><clipPath id=\"clip0_420_3958\"><rect width=\"50\" height=\"46\" fill=\"white\" transform=\"translate(0 0.5)\"><\/rect><\/clipPath><\/defs><\/svg>\t\t\t<\/div>\n\t\t<\/div>\n\t\t\t\t\t\t<\/div>\n\t\t\t\t<\/div>\n\t\t\t\t<div class=\"elementor-element elementor-element-b162d16 elementor-widget elementor-widget-heading\" data-id=\"b162d16\" data-element_type=\"widget\" data-e-type=\"widget\" data-widget_type=\"heading.default\">\n\t\t\t\t<div class=\"elementor-widget-container\">\n\t\t\t\t\t<h1 class=\"elementor-heading-title elementor-size-default\">Whistleblower-Kanal<\/h1>\t\t\t\t<\/div>\n\t\t\t\t<\/div>\n\t\t\t\t<div class=\"elementor-element elementor-element-eddc8f1 elementor-widget__width-auto breadcrumbs-wrapper elementor-absolute elementor-widget elementor-widget-global elementor-global-714 elementor-widget-breadcrumbs\" data-id=\"eddc8f1\" data-element_type=\"widget\" data-e-type=\"widget\" data-settings=\"{&quot;_position&quot;:&quot;absolute&quot;}\" data-widget_type=\"breadcrumbs.default\">\n\t\t\t\t<div class=\"elementor-widget-container\">\n\t\t\t\t\t<p id=\"breadcrumbs\"><span><span><a href=\"https:\/\/www.olmar.com\/de\/\">Home<\/a><\/span><\/span><\/p>\t\t\t\t<\/div>\n\t\t\t\t<\/div>\n\t\t\t\t\t<\/div>\n\t\t<\/div>\n\t\t\t\t\t<\/div>\n\t\t<\/section>\n\t\t\t\t\t<\/div>\n\t\t<\/div>\n\t\t\t\t\t<\/div>\n\t\t<\/section>\n\t\t<div class=\"elementor-element elementor-element-95ebd17 e-flex e-con-boxed e-con e-parent\" data-id=\"95ebd17\" data-element_type=\"container\" data-e-type=\"container\" data-settings=\"{&quot;jet_parallax_layout_list&quot;:[]}\">\n\t\t\t\t\t<div class=\"e-con-inner\">\n\t\t<div class=\"elementor-element elementor-element-d81edd1 e-con-full e-flex e-con e-child\" data-id=\"d81edd1\" data-element_type=\"container\" data-e-type=\"container\" data-settings=\"{&quot;jet_parallax_layout_list&quot;:[]}\">\n\t\t\t\t<div class=\"elementor-element elementor-element-2ef1f6c elementor-hidden-mobile elementor-widget elementor-widget-heading\" data-id=\"2ef1f6c\" data-element_type=\"widget\" data-e-type=\"widget\" data-widget_type=\"heading.default\">\n\t\t\t\t<div class=\"elementor-widget-container\">\n\t\t\t\t\t<p class=\"elementor-heading-title elementor-size-default\">\/ Whistleblower-Kanal \/<\/p>\t\t\t\t<\/div>\n\t\t\t\t<\/div>\n\t\t\t\t<div class=\"elementor-element elementor-element-053fcde elementor-hidden-mobile elementor-widget elementor-widget-heading\" data-id=\"053fcde\" data-element_type=\"widget\" data-e-type=\"widget\" data-widget_type=\"heading.default\">\n\t\t\t\t<div class=\"elementor-widget-container\">\n\t\t\t\t\t<h2 class=\"elementor-heading-title elementor-size-default\">Die Meldungen werden mit gr\u00f6\u00dfter Vertraulichkeit und Ernsthaftigkeit behandelt.<\/h2>\t\t\t\t<\/div>\n\t\t\t\t<\/div>\n\t\t\t\t<div class=\"elementor-element elementor-element-f56f5f7 elementor-icon-list--layout-traditional elementor-list-item-link-full_width elementor-widget elementor-widget-icon-list\" data-id=\"f56f5f7\" data-element_type=\"widget\" data-e-type=\"widget\" data-widget_type=\"icon-list.default\">\n\t\t\t\t<div class=\"elementor-widget-container\">\n\t\t\t\t\t\t\t<ul class=\"elementor-icon-list-items\">\n\t\t\t\t\t\t\t<li class=\"elementor-icon-list-item\">\n\t\t\t\t\t\t\t\t\t\t\t<span class=\"elementor-icon-list-icon\">\n\t\t\t\t\t\t\t<i aria-hidden=\"true\" class=\"fas fa-circle\"><\/i>\t\t\t\t\t\t<\/span>\n\t\t\t\t\t\t\t\t\t\t<span class=\"elementor-icon-list-text\">Das Meldeverfahren ist anonym und, auch wenn der Hinweisgeber indirekt bekannt werden k\u00f6nnte, besteht die ausdr\u00fcckliche Verpflichtung, seine Identit\u00e4t nicht preiszugeben oder Ma\u00dfnahmen gegen ihn zu ergreifen.<\/span>\n\t\t\t\t\t\t\t\t\t<\/li>\n\t\t\t\t\t\t\t\t<li class=\"elementor-icon-list-item\">\n\t\t\t\t\t\t\t\t\t\t\t<span class=\"elementor-icon-list-icon\">\n\t\t\t\t\t\t\t<i aria-hidden=\"true\" class=\"fas fa-circle\"><\/i>\t\t\t\t\t\t<\/span>\n\t\t\t\t\t\t\t\t\t\t<span class=\"elementor-icon-list-text\">Trotz dieser Verpflichtung wird den Mitarbeitern von Olmar empfohlen, f\u00fcr die Meldung nicht den Computer am Arbeitsplatz zu verwenden, um jegliche digitale Spuren zu vermeiden.<\/span>\n\t\t\t\t\t\t\t\t\t<\/li>\n\t\t\t\t\t\t<\/ul>\n\t\t\t\t\t\t<\/div>\n\t\t\t\t<\/div>\n\t\t\t\t<\/div>\n\t\t<div class=\"elementor-element elementor-element-2482232 e-con-full e-flex e-con e-child\" data-id=\"2482232\" data-element_type=\"container\" data-e-type=\"container\" data-settings=\"{&quot;jet_parallax_layout_list&quot;:[]}\">\n\t\t<div class=\"elementor-element elementor-element-a76cb58 e-con-full e-flex e-con e-child\" data-id=\"a76cb58\" data-element_type=\"container\" data-e-type=\"container\" data-settings=\"{&quot;background_background&quot;:&quot;classic&quot;,&quot;jet_parallax_layout_list&quot;:[]}\">\n\t\t\t\t<div class=\"elementor-element elementor-element-4950d51 elementor-widget elementor-widget-heading\" data-id=\"4950d51\" data-element_type=\"widget\" data-e-type=\"widget\" data-widget_type=\"heading.default\">\n\t\t\t\t<div class=\"elementor-widget-container\">\n\t\t\t\t\t<h4 class=\"elementor-heading-title elementor-size-default\">Formular<\/h4>\t\t\t\t<\/div>\n\t\t\t\t<\/div>\n\t\t\t\t<div class=\"elementor-element elementor-element-f170e1e form-contacto elementor-button-align-start elementor-widget elementor-widget-form\" data-id=\"f170e1e\" data-element_type=\"widget\" data-e-type=\"widget\" data-settings=\"{&quot;step_next_label&quot;:&quot;Siguiente&quot;,&quot;step_previous_label&quot;:&quot;Anterior&quot;,&quot;button_width&quot;:&quot;100&quot;,&quot;step_type&quot;:&quot;number_text&quot;,&quot;step_icon_shape&quot;:&quot;circle&quot;}\" data-widget_type=\"form.default\">\n\t\t\t\t<div class=\"elementor-widget-container\">\n\t\t\t\t\t\t\t<form class=\"elementor-form\" method=\"post\" name=\"Form Canal de denuncias\" aria-label=\"Form Canal de denuncias\">\n\t\t\t<input type=\"hidden\" name=\"post_id\" value=\"300525\"\/>\n\t\t\t<input type=\"hidden\" name=\"form_id\" value=\"f170e1e\"\/>\n\t\t\t<input type=\"hidden\" name=\"referer_title\" value=\"Whistleblower-Kanal - Olmar\" \/>\n\n\t\t\t\t\t\t\t<input type=\"hidden\" name=\"queried_id\" value=\"300525\"\/>\n\t\t\t\n\t\t\t<div class=\"elementor-form-fields-wrapper elementor-labels-above\">\n\t\t\t\t\t\t\t\t<div class=\"elementor-field-type-text elementor-field-group elementor-column elementor-field-group-asunto elementor-col-100 elementor-field-required\">\n\t\t\t\t\t\t\t\t\t\t\t\t<label for=\"form-field-asunto\" class=\"elementor-field-label\">\n\t\t\t\t\t\t\t\tBetreff\t\t\t\t\t\t\t<\/label>\n\t\t\t\t\t\t\t\t\t\t\t\t\t\t<input size=\"1\" type=\"text\" name=\"form_fields[asunto]\" id=\"form-field-asunto\" class=\"elementor-field elementor-size-sm  elementor-field-textual\" required=\"required\">\n\t\t\t\t\t\t\t\t\t\t\t<\/div>\n\t\t\t\t\t\t\t\t<div class=\"elementor-field-type-textarea elementor-field-group elementor-column elementor-field-group-message elementor-col-100\">\n\t\t\t\t\t\t\t\t\t\t\t\t<label for=\"form-field-message\" class=\"elementor-field-label\">\n\t\t\t\t\t\t\t\tMeldung\t\t\t\t\t\t\t<\/label>\n\t\t\t\t\t\t<textarea class=\"elementor-field-textual elementor-field  elementor-size-sm\" name=\"form_fields[message]\" id=\"form-field-message\" rows=\"4\"><\/textarea>\t\t\t\t<\/div>\n\t\t\t\t\t\t\t\t<div class=\"elementor-field-type-upload elementor-field-group elementor-column elementor-field-group-archivo elementor-col-100\">\n\t\t\t\t\t\t\t<input type=\"file\" name=\"form_fields[archivo]\" id=\"form-field-archivo\" class=\"elementor-field elementor-size-sm  elementor-upload-field\" data-maxsize=\"10\" data-maxsize-message=\"Diese Datei \u00fcbersteigt die maximale Dateigr\u00f6\u00dfe.\">\n\n\t\t\t\t\t\t<\/div>\n\t\t\t\t\t\t\t\t<div class=\"elementor-field-type-acceptance elementor-field-group elementor-column elementor-field-group-field_249129c elementor-col-100 elementor-field-required\">\n\t\t\t\t\t\t\t<div class=\"elementor-field-subgroup\">\n\t\t\t<span class=\"elementor-field-option\">\n\t\t\t\t<input type=\"checkbox\" name=\"form_fields[field_249129c]\" id=\"form-field-field_249129c\" class=\"elementor-field elementor-size-sm  elementor-acceptance-field\" required=\"required\">\n\t\t\t\t<label for=\"form-field-field_249129c\"> Ich akzeptiere die Datenschutzbestimmungen und den rechtlichen Hinweis<\/label>\t\t\t<\/span>\n\t\t<\/div>\n\t\t\t\t\t\t<\/div>\n\t\t\t\t\t\t\t\t<div class=\"elementor-field-group elementor-column elementor-field-type-submit elementor-col-100 e-form__buttons\">\n\t\t\t\t\t<button class=\"elementor-button elementor-size-sm\" type=\"submit\">\n\t\t\t\t\t\t<span class=\"elementor-button-content-wrapper\">\n\t\t\t\t\t\t\t\t\t\t\t\t\t\t\t<span class=\"elementor-button-icon\">\n\t\t\t\t\t\t\t\t\t<svg xmlns=\"http:\/\/www.w3.org\/2000\/svg\" width=\"6\" height=\"9\" viewBox=\"0 0 6 9\" fill=\"none\"><g clip-path=\"url(#clip0_851_180)\"><path d=\"M2.86957 4.54517C2.86957 4.85701 2.77361 5.12988 2.58171 5.36376C2.42579 5.54967 2.21889 5.69659 1.96102 5.80454C1.76312 5.8945 1.57421 5.94847 1.3943 5.96646L2.91454 7.56766C2.93253 7.37575 2.98651 7.17486 3.07646 6.96496C3.1964 6.6891 3.35532 6.46721 3.55322 6.29929C3.7991 6.0894 4.09295 5.97845 4.43478 5.96646C4.46477 4.887 4.47676 4.07441 4.47076 3.52868C4.46477 3.12688 4.45277 2.93198 4.43478 2.94397C4.07496 2.96796 3.76912 2.86901 3.51724 2.64712C3.31334 2.47321 3.15142 2.23333 3.03148 1.92748C2.94153 1.69959 2.88756 1.47471 2.86957 1.25282L1.3943 3.03393C1.57421 3.06391 1.76312 3.12988 1.96102 3.23183C2.21889 3.35776 2.42579 3.51668 2.58171 3.70859C2.77361 3.95447 2.86957 4.23333 2.86957 4.54517ZM1.43928 0.00244141C1.18141 0.00244141 0.941529 0.0699077 0.71964 0.20484C0.497751 0.339773 0.322339 0.522681 0.193403 0.753566C0.0644678 0.98445 0 1.23782 0 1.51369C0 1.78955 0.0644678 2.04292 0.193403 2.27381C0.322339 2.50469 0.497751 2.6891 0.71964 2.82703C0.941529 2.96496 1.18141 3.03393 1.43928 3.03393C1.69715 3.03393 1.93553 2.96496 2.15442 2.82703C2.37331 2.6891 2.54723 2.50469 2.67616 2.27381C2.8051 2.04292 2.86957 1.78955 2.86957 1.51369C2.86957 1.23782 2.8051 0.98445 2.67616 0.753566C2.54723 0.522681 2.37331 0.339773 2.15442 0.20484C1.93553 0.0699077 1.69715 0.00244141 1.43928 0.00244141ZM4.56072 2.94397C4.30285 2.94397 4.06297 3.01144 3.84108 3.14637C3.61919 3.2813 3.44378 3.46421 3.31484 3.6951C3.18591 3.92598 3.12144 4.17935 3.12144 4.45521C3.12144 4.73108 3.18591 4.98445 3.31484 5.21533C3.44378 5.44622 3.61919 5.62913 3.84108 5.76406C4.06297 5.89899 4.30285 5.96646 4.56072 5.96646C4.81859 5.96646 5.05847 5.89899 5.28036 5.76406C5.50225 5.62913 5.67766 5.44622 5.8066 5.21533C5.93553 4.98445 6 4.73108 6 4.45521C6 4.17935 5.93553 3.92598 5.8066 3.6951C5.67766 3.46421 5.50225 3.2813 5.28036 3.14637C5.05847 3.01144 4.81859 2.94397 4.56072 2.94397ZM1.52024 5.96646C1.26237 5.96646 1.02249 6.03542 0.8006 6.17336C0.578711 6.31129 0.403298 6.49569 0.274363 6.72658C0.145427 6.95746 0.0809595 7.21084 0.0809595 7.4867C0.0809595 7.76256 0.145427 8.01593 0.274363 8.24682C0.403298 8.4777 0.578711 8.66061 0.8006 8.79554C1.02249 8.93048 1.26237 8.99794 1.52024 8.99794C1.77811 8.99794 2.01799 8.93048 2.23988 8.79554C2.46177 8.66061 2.63718 8.4777 2.76612 8.24682C2.89505 8.01593 2.95952 7.76256 2.95952 7.4867C2.95952 7.21084 2.89505 6.95746 2.76612 6.72658C2.63718 6.49569 2.46177 6.31129 2.23988 6.17336C2.01799 6.03542 1.77811 5.96646 1.52024 5.96646Z\" fill=\"white\"><\/path><\/g><defs><clipPath id=\"clip0_851_180\"><rect width=\"6\" height=\"9\" fill=\"white\"><\/rect><\/clipPath><\/defs><\/svg>\t\t\t\t\t\t\t\t\t\t\t\t\t\t\t\t\t<\/span>\n\t\t\t\t\t\t\t\t\t\t\t\t\t\t\t\t\t\t\t\t\t\t<span class=\"elementor-button-text\">Senden<\/span>\n\t\t\t\t\t\t\t\t\t\t\t\t\t<\/span>\n\t\t\t\t\t<\/button>\n\t\t\t\t<\/div>\n\t\t\t<\/div>\n\t\t<\/form>\n\t\t\t\t\t\t<\/div>\n\t\t\t\t<\/div>\n\t\t\t\t<\/div>\n\t\t\t\t<\/div>\n\t\t\t\t\t<\/div>\n\t\t\t\t<\/div>\n\t\t\t\t<\/div>\n\t\t","protected":false},"excerpt":{"rendered":"<p>Whistleblower-Kanal \/ Whistleblower-Kanal \/ Die Meldungen werden mit gr\u00f6\u00dfter Vertraulichkeit und Ernsthaftigkeit behandelt. Das Meldeverfahren ist anonym und, auch wenn der Hinweisgeber indirekt bekannt werden k\u00f6nnte, besteht die ausdr\u00fcckliche Verpflichtung, seine Identit\u00e4t nicht preiszugeben oder Ma\u00dfnahmen gegen ihn zu ergreifen. Trotz dieser Verpflichtung wird den Mitarbeitern von Olmar empfohlen, f\u00fcr die Meldung nicht den Computer [&hellip;]<\/p>\n","protected":false},"author":12,"featured_media":0,"parent":0,"menu_order":0,"comment_status":"closed","ping_status":"closed","template":"","meta":{"footnotes":""},"class_list":["post-300525","page","type-page","status-publish","hentry"],"yoast_head":"<!-- This site is optimized with the Yoast SEO plugin v27.4 - https:\/\/yoast.com\/product\/yoast-seo-wordpress\/ -->\n<title>Whistleblower-Kanal - Olmar<\/title>\n<meta name=\"robots\" content=\"index, follow, max-snippet:-1, max-image-preview:large, max-video-preview:-1\" \/>\n<link rel=\"canonical\" href=\"https:\/\/www.olmar.com\/de\/whistleblower-kanal\/\" \/>\n<meta property=\"og:locale\" content=\"de_DE\" \/>\n<meta property=\"og:type\" content=\"article\" \/>\n<meta property=\"og:title\" content=\"Whistleblower-Kanal - Olmar\" \/>\n<meta property=\"og:description\" content=\"Whistleblower-Kanal \/ Whistleblower-Kanal \/ Die Meldungen werden mit gr\u00f6\u00dfter Vertraulichkeit und Ernsthaftigkeit behandelt. Das Meldeverfahren ist anonym und, auch wenn der Hinweisgeber indirekt bekannt werden k\u00f6nnte, besteht die ausdr\u00fcckliche Verpflichtung, seine Identit\u00e4t nicht preiszugeben oder Ma\u00dfnahmen gegen ihn zu ergreifen. Trotz dieser Verpflichtung wird den Mitarbeitern von Olmar empfohlen, f\u00fcr die Meldung nicht den Computer [&hellip;]\" \/>\n<meta property=\"og:url\" content=\"https:\/\/www.olmar.com\/de\/whistleblower-kanal\/\" \/>\n<meta property=\"og:site_name\" content=\"Olmar\" \/>\n<meta property=\"article:modified_time\" content=\"2025-09-25T15:16:45+00:00\" \/>\n<meta name=\"twitter:card\" content=\"summary_large_image\" \/>\n<meta name=\"twitter:label1\" content=\"Gesch\u00e4tzte Lesezeit\" \/>\n\t<meta name=\"twitter:data1\" content=\"1\u00a0Minute\" \/>\n<script type=\"application\/ld+json\" class=\"yoast-schema-graph\">{\"@context\":\"https:\\\/\\\/schema.org\",\"@graph\":[{\"@type\":\"WebPage\",\"@id\":\"https:\\\/\\\/www.olmar.com\\\/de\\\/whistleblower-kanal\\\/\",\"url\":\"https:\\\/\\\/www.olmar.com\\\/de\\\/whistleblower-kanal\\\/\",\"name\":\"Whistleblower-Kanal - Olmar\",\"isPartOf\":{\"@id\":\"https:\\\/\\\/www.olmar.com\\\/de\\\/#website\"},\"datePublished\":\"2025-01-21T09:10:41+00:00\",\"dateModified\":\"2025-09-25T15:16:45+00:00\",\"breadcrumb\":{\"@id\":\"https:\\\/\\\/www.olmar.com\\\/de\\\/whistleblower-kanal\\\/#breadcrumb\"},\"inLanguage\":\"de\",\"potentialAction\":[{\"@type\":\"ReadAction\",\"target\":[\"https:\\\/\\\/www.olmar.com\\\/de\\\/whistleblower-kanal\\\/\"]}]},{\"@type\":\"BreadcrumbList\",\"@id\":\"https:\\\/\\\/www.olmar.com\\\/de\\\/whistleblower-kanal\\\/#breadcrumb\",\"itemListElement\":[{\"@type\":\"ListItem\",\"position\":1,\"name\":\"Home\",\"item\":\"https:\\\/\\\/www.olmar.com\\\/de\\\/\"},{\"@type\":\"ListItem\",\"position\":2,\"name\":\"Whistleblower-Kanal\"}]},{\"@type\":\"WebSite\",\"@id\":\"https:\\\/\\\/www.olmar.com\\\/de\\\/#website\",\"url\":\"https:\\\/\\\/www.olmar.com\\\/de\\\/\",\"name\":\"Olmar\",\"description\":\"Just another WordPress site\",\"potentialAction\":[{\"@type\":\"SearchAction\",\"target\":{\"@type\":\"EntryPoint\",\"urlTemplate\":\"https:\\\/\\\/www.olmar.com\\\/de\\\/?s={search_term_string}\"},\"query-input\":{\"@type\":\"PropertyValueSpecification\",\"valueRequired\":true,\"valueName\":\"search_term_string\"}}],\"inLanguage\":\"de\"}]}<\/script>\n<!-- \/ Yoast SEO plugin. -->","yoast_head_json":{"title":"Whistleblower-Kanal - Olmar","robots":{"index":"index","follow":"follow","max-snippet":"max-snippet:-1","max-image-preview":"max-image-preview:large","max-video-preview":"max-video-preview:-1"},"canonical":"https:\/\/www.olmar.com\/de\/whistleblower-kanal\/","og_locale":"de_DE","og_type":"article","og_title":"Whistleblower-Kanal - Olmar","og_description":"Whistleblower-Kanal \/ Whistleblower-Kanal \/ Die Meldungen werden mit gr\u00f6\u00dfter Vertraulichkeit und Ernsthaftigkeit behandelt. Das Meldeverfahren ist anonym und, auch wenn der Hinweisgeber indirekt bekannt werden k\u00f6nnte, besteht die ausdr\u00fcckliche Verpflichtung, seine Identit\u00e4t nicht preiszugeben oder Ma\u00dfnahmen gegen ihn zu ergreifen. Trotz dieser Verpflichtung wird den Mitarbeitern von Olmar empfohlen, f\u00fcr die Meldung nicht den Computer [&hellip;]","og_url":"https:\/\/www.olmar.com\/de\/whistleblower-kanal\/","og_site_name":"Olmar","article_modified_time":"2025-09-25T15:16:45+00:00","twitter_card":"summary_large_image","twitter_misc":{"Gesch\u00e4tzte Lesezeit":"1\u00a0Minute"},"schema":{"@context":"https:\/\/schema.org","@graph":[{"@type":"WebPage","@id":"https:\/\/www.olmar.com\/de\/whistleblower-kanal\/","url":"https:\/\/www.olmar.com\/de\/whistleblower-kanal\/","name":"Whistleblower-Kanal - Olmar","isPartOf":{"@id":"https:\/\/www.olmar.com\/de\/#website"},"datePublished":"2025-01-21T09:10:41+00:00","dateModified":"2025-09-25T15:16:45+00:00","breadcrumb":{"@id":"https:\/\/www.olmar.com\/de\/whistleblower-kanal\/#breadcrumb"},"inLanguage":"de","potentialAction":[{"@type":"ReadAction","target":["https:\/\/www.olmar.com\/de\/whistleblower-kanal\/"]}]},{"@type":"BreadcrumbList","@id":"https:\/\/www.olmar.com\/de\/whistleblower-kanal\/#breadcrumb","itemListElement":[{"@type":"ListItem","position":1,"name":"Home","item":"https:\/\/www.olmar.com\/de\/"},{"@type":"ListItem","position":2,"name":"Whistleblower-Kanal"}]},{"@type":"WebSite","@id":"https:\/\/www.olmar.com\/de\/#website","url":"https:\/\/www.olmar.com\/de\/","name":"Olmar","description":"Just another WordPress site","potentialAction":[{"@type":"SearchAction","target":{"@type":"EntryPoint","urlTemplate":"https:\/\/www.olmar.com\/de\/?s={search_term_string}"},"query-input":{"@type":"PropertyValueSpecification","valueRequired":true,"valueName":"search_term_string"}}],"inLanguage":"de"}]}},"_links":{"self":[{"href":"https:\/\/www.olmar.com\/de\/wp-json\/wp\/v2\/pages\/300525","targetHints":{"allow":["GET"]}}],"collection":[{"href":"https:\/\/www.olmar.com\/de\/wp-json\/wp\/v2\/pages"}],"about":[{"href":"https:\/\/www.olmar.com\/de\/wp-json\/wp\/v2\/types\/page"}],"author":[{"embeddable":true,"href":"https:\/\/www.olmar.com\/de\/wp-json\/wp\/v2\/users\/12"}],"replies":[{"embeddable":true,"href":"https:\/\/www.olmar.com\/de\/wp-json\/wp\/v2\/comments?post=300525"}],"version-history":[{"count":18,"href":"https:\/\/www.olmar.com\/de\/wp-json\/wp\/v2\/pages\/300525\/revisions"}],"predecessor-version":[{"id":304350,"href":"https:\/\/www.olmar.com\/de\/wp-json\/wp\/v2\/pages\/300525\/revisions\/304350"}],"wp:attachment":[{"href":"https:\/\/www.olmar.com\/de\/wp-json\/wp\/v2\/media?parent=300525"}],"curies":[{"name":"wp","href":"https:\/\/api.w.org\/{rel}","templated":true}]}}